{"id":6802,"date":"2024-12-03T07:38:04","date_gmt":"2024-12-03T07:38:04","guid":{"rendered":"https:\/\/www.blancbaqueira.com\/?page_id=6802"},"modified":"2024-12-03T16:02:42","modified_gmt":"2024-12-03T16:02:42","slug":"avis-legal","status":"publish","type":"page","link":"https:\/\/www.blancbaqueira.com\/fr\/avis-legal\/","title":{"rendered":"Aviso Legal"},"content":{"rendered":"\t\t<div data-elementor-type=\"wp-page\" data-elementor-id=\"6802\" class=\"elementor elementor-6802 elementor-6746\" data-elementor-post-type=\"page\">\n\t\t\t\t\t\t<div class=\"elementor-section elementor-top-section elementor-element elementor-element-4abf43c elementor-section-stretched elementor-section-height-min-height elementor-hidden-mobile_extra elementor-hidden-mobile elementor-section-boxed elementor-section-height-default elementor-section-items-middle\" data-id=\"4abf43c\" data-element_type=\"section\" data-e-type=\"section\" data-settings=\"{&quot;stretch_section&quot;:&quot;section-stretched&quot;,&quot;background_background&quot;:&quot;classic&quot;}\">\n\t\t\t\t\t\t\t<div class=\"elementor-background-overlay\"><\/div>\n\t\t\t\t\t\t\t<div class=\"elementor-container elementor-column-gap-no\">\n\t\t\t\t\t<div class=\"elementor-column elementor-col-100 elementor-top-column elementor-element elementor-element-5dcc40c\" data-id=\"5dcc40c\" data-element_type=\"column\" data-e-type=\"column\" data-settings=\"{&quot;background_background&quot;:&quot;classic&quot;}\">\n\t\t\t<div class=\"elementor-widget-wrap elementor-element-populated\">\n\t\t\t\t\t\t<div class=\"elementor-element elementor-element-9ceaacd elementor-widget elementor-widget-heading\" data-id=\"9ceaacd\" data-element_type=\"widget\" data-e-type=\"widget\" data-widget_type=\"heading.default\">\n\t\t\t\t<div class=\"elementor-widget-container\">\n\t\t\t\t\t<h1 class=\"elementor-heading-title elementor-size-default\">Restaurant \u00e0 Baqueira<\/h1>\t\t\t\t<\/div>\n\t\t\t\t<\/div>\n\t\t\t\t<div class=\"elementor-element elementor-element-bd740f3 show-button-link-yes elementor-position-top elementor-position-below elementor-vertical-align-top elementor-widget elementor-widget-image-box\" data-id=\"bd740f3\" data-element_type=\"widget\" data-e-type=\"widget\" data-widget_type=\"image-box.default\">\n\t\t\t\t<div class=\"elementor-widget-container\">\n\t\t\t\t\t<div class=\"elementor-image-box-wrapper\"><div class=\"elementor-image-box-content\"><div class=\"icon\"><\/div><p class=\"elementor-image-box-description\">Come, brinda y disfruta <br\/>\n a pie de pistas<\/p><div class=\"elementor-image-box-button-wrapper\"><a href=\"https:\/\/carta.avocaty.io\/blancbaqueira\" class=\"elementor-image-box-button\"><span class=\"elementor-image-box-button-text\"> Ver Carta<\/span><\/a><\/div><\/div><\/div>\t\t\t\t<\/div>\n\t\t\t\t<\/div>\n\t\t\t\t\t<\/div>\n\t\t<\/div>\n\t\t\t\t\t<\/div>\n\t\t<\/div>\n\t\t\t\t<div class=\"elementor-section elementor-top-section elementor-element elementor-element-6e1a456 elementor-section-stretched elementor-section-height-min-height elementor-hidden-desktop elementor-hidden-laptop elementor-hidden-tablet_extra elementor-hidden-tablet elementor-section-boxed elementor-section-height-default elementor-section-items-middle\" data-id=\"6e1a456\" data-element_type=\"section\" data-e-type=\"section\" data-settings=\"{&quot;stretch_section&quot;:&quot;section-stretched&quot;,&quot;background_background&quot;:&quot;classic&quot;}\">\n\t\t\t\t\t\t\t<div class=\"elementor-background-overlay\"><\/div>\n\t\t\t\t\t\t\t<div class=\"elementor-container elementor-column-gap-no\">\n\t\t\t\t\t<div class=\"elementor-column elementor-col-100 elementor-top-column elementor-element elementor-element-2e0004e\" data-id=\"2e0004e\" data-element_type=\"column\" data-e-type=\"column\" data-settings=\"{&quot;background_background&quot;:&quot;classic&quot;}\">\n\t\t\t<div class=\"elementor-widget-wrap elementor-element-populated\">\n\t\t\t\t\t\t<div class=\"elementor-element elementor-element-5726bc8 elementor-position-top elementor-position-below elementor-vertical-align-top elementor-widget elementor-widget-image-box\" data-id=\"5726bc8\" data-element_type=\"widget\" data-e-type=\"widget\" data-widget_type=\"image-box.default\">\n\t\t\t\t<div class=\"elementor-widget-container\">\n\t\t\t\t\t<div class=\"elementor-image-box-wrapper\"><div class=\"elementor-image-box-content\"><div class=\"icon\"><\/div><div class=\"elementor-image-box-sub-title\">Restaurante en Baqueira<\/div><\/div><\/div>\t\t\t\t<\/div>\n\t\t\t\t<\/div>\n\t\t\t\t<div class=\"elementor-element elementor-element-b62c675 show-button-link-yes elementor-position-top elementor-position-below elementor-vertical-align-top elementor-widget elementor-widget-image-box\" data-id=\"b62c675\" data-element_type=\"widget\" data-e-type=\"widget\" data-widget_type=\"image-box.default\">\n\t\t\t\t<div class=\"elementor-widget-container\">\n\t\t\t\t\t<div class=\"elementor-image-box-wrapper\"><div class=\"elementor-image-box-content\"><div class=\"icon\"><\/div><p class=\"elementor-image-box-description\">Come, brinda y disfruta <br\/>\n a pie de pistas<\/p><div class=\"elementor-image-box-button-wrapper\"><a href=\"https:\/\/carta.avocaty.io\/blancbaqueira\" class=\"elementor-image-box-button\"><span class=\"elementor-image-box-button-text\"> Ver Carta<\/span><\/a><\/div><\/div><\/div>\t\t\t\t<\/div>\n\t\t\t\t<\/div>\n\t\t\t\t\t<\/div>\n\t\t<\/div>\n\t\t\t\t\t<\/div>\n\t\t<\/div>\n\t\t<div class=\"elementor-element elementor-element-0e9ded5 e-flex e-con-boxed e-con e-parent\" data-id=\"0e9ded5\" data-element_type=\"container\" data-e-type=\"container\">\n\t\t\t\t\t<div class=\"e-con-inner\">\n\t\t\t\t<div class=\"elementor-element elementor-element-7da6eac elementor-widget elementor-widget-spacer\" data-id=\"7da6eac\" data-element_type=\"widget\" data-e-type=\"widget\" data-widget_type=\"spacer.default\">\n\t\t\t\t<div class=\"elementor-widget-container\">\n\t\t\t\t\t\t\t<div class=\"elementor-spacer\">\n\t\t\t<div class=\"elementor-spacer-inner\"><\/div>\n\t\t<\/div>\n\t\t\t\t\t\t<\/div>\n\t\t\t\t<\/div>\n\t\t\t\t<div class=\"elementor-element elementor-element-909a449 elementor-widget elementor-widget-heading\" data-id=\"909a449\" data-element_type=\"widget\" data-e-type=\"widget\" data-widget_type=\"heading.default\">\n\t\t\t\t<div class=\"elementor-widget-container\">\n\t\t\t\t\t<h2 class=\"elementor-heading-title elementor-size-default\">Aviso Legal<\/h2>\t\t\t\t<\/div>\n\t\t\t\t<\/div>\n\t\t\t\t<div class=\"elementor-element elementor-element-074afa5 elementor-widget elementor-widget-text-editor\" data-id=\"074afa5\" data-element_type=\"widget\" data-e-type=\"widget\" data-widget_type=\"text-editor.default\">\n\t\t\t\t<div class=\"elementor-widget-container\">\n\t\t\t\t\t\t\t\t\t<p>En cumplimiento de la Ley 34\/2002, de 11 de julio, de Servicios de la Sociedad de la Informaci\u00f3n y de Comercio electr\u00f3nico, se informa al Usuario que el titular de la p\u00e1gina web\u00a0<a href=\"http:\/\/www.hoteltucblancbaqueira.com\/\">http:\/\/www.hoteltucblancbaqueira.com<\/a>\u00a0es de la sociedad\u00a0<strong>ESQUIA, S.A.<\/strong>, y sus datos de identificaci\u00f3n son las siguientes:<\/p>\n<p>Domicilio social:\u00a0<strong>Ctra. Bonaigua s\/n<\/strong><br \/>CP:\u00a0<strong>25598<\/strong>\u00a0Poblaci\u00f3n:\u00a0<strong>Baqueira<\/strong>\u00a0Provincia:\u00a0<strong>Lleida<\/strong><br \/>CIF:\u00a0<strong>A43028786<\/strong><br \/>Correo electr\u00f3nico:\u00a0<a href=\"mailto:direccion@hoteltucblanc.com\">direccion@hoteltucblanc.com<\/a><br \/>Datos del registro: la sociedad est\u00e1 inscrita en el Registro Mercantil de Tarragona, en el Tomo 141, libro 82, de la secci\u00f3n 3\u00aa, folio 50 y hoja n\u00famero 3012.<\/p>\n<h3>1. ACCEDER A LA P\u00c1GINA WEB:<\/h3>\n<p>El aviso Legal regula el acceso y uso de los Usuarios a la p\u00e1gina web y tiene por objeto dar a conocer los servicios y productos de la entidad y permitir el acceso general de todos los usuarios de Internet.<\/p>\n<p>El acceso y\/o uso de la Web atribuye a quien lo realiza la condici\u00f3n de Usuario y la aceptaci\u00f3n, sin reservas de ninguna clase, de todas y cada una de las presentes condiciones generales, as\u00ed como de aquellas otras particulares que, si procede, rijan la utilizaci\u00f3n del Portal o de los servicios vinculados al mismo.<\/p>\n<p>El usuario tiene que leer atentamente el Aviso Legal y las Pol\u00edticas de Privacidad y de Cookies cuando se proponga utilizar la P\u00e1gina Web, puesto que\u00a0<strong>ESQUIA, S.A.<\/strong>\u00a0se reserva la facultad de realizar, en cualquier momento y sin necesidad de ning\u00fan preaviso, cualquier modificaci\u00f3n o actualizaci\u00f3n de los contenidos y servicios, de las presentes disposiciones de acceso y uso y, en general, de cu\u00e1ntos elementos integren el dise\u00f1o y configuraci\u00f3n de su Web. Si no acepta las condiciones de acceso y uso, le rogamos se abstenga de utilizar el Web y su contenido.<\/p>\n<h3>2. UTILIZACI\u00d3N DE LA P\u00c1GINA WEB:<\/h3>\n<p>El Usuario se compromete a hacer un uso diligente de la P\u00e1gina Web, as\u00ed como de la informaci\u00f3n relativa a sus servicios y\/o actividades, con total sujeci\u00f3n tanto a la normativa aplicable, as\u00ed como con la moral y las buenas costumbres generalmente aceptadas y el orden p\u00fablico, las condiciones de acceso y uso y cualesquiera otras condiciones establecidas a la P\u00e1gina Web.<\/p>\n<p>Adem\u00e1s, se compromete a abstenerse de utilizar cualquier de los contenidos con finalidades o efectos il\u00edcitos, prohibidos en el presente texto, lesivos de los derechos e intereses de terceros, o que de cualquier forma puedan da\u00f1ar, inutilizar, sobrecargar, deteriorar o impedir la normal utilizaci\u00f3n de los contenidos, otros Usuarios o de cualquier usuario de Internet (hardware y software).<\/p>\n<h3>3. FUNCIONAMIENTO DE LA P\u00c1GINA WEB:<\/h3>\n<p>En caso de incumplimiento de las condiciones del Aviso Legal, o las Pol\u00edticas de Privacidad y Cookies,\u00a0<strong>ESQUIA, S.A.<\/strong>\u00a0se reserva el derecho a limitar, suspender y\/o excluir el acceso en su P\u00e1gina Web, adoptando cualquier medida t\u00e9cnica necesaria a su respeto.\u00a0<strong>ESQUIA, S.A.<\/strong>\u00a0har\u00e1 lo posible para mantener la p\u00e1gina Web en buen funcionamiento, evitando errores, o bien repar\u00e1ndolos y manteniendo los contenidos actualizados Ahora bien,\u00a0<strong>ESQUIA, S.A.<\/strong>\u00a0no garantiza la disponibilidad y continuidad en el acceso en la P\u00e1gina Web ni la inexistencia de errores en el contenido.<\/p>\n<h3>4. RESPONSABILIDAD:<\/h3>\n<p>El Usuario es el \u00fanico responsable del uso que se pueda hacer de cualquier informaci\u00f3n o mecanismo de la P\u00e1gina Web.<\/p>\n<p><strong>ESQUIA, S.A.<\/strong>\u00a0no se har\u00e1 responsable de ning\u00fan da\u00f1o en el hardware y\/o software del Usuario que se derive del acceso y uso de la P\u00e1gina Web. As\u00ed mismo, tampoco se responsabilizar\u00e1 de estos da\u00f1os y\/o perjuicios que se puedan ocasionar por el acceso y\/o uso de la informaci\u00f3n de la P\u00e1gina Web, y en concreto de los que se puedan producir en sistemas inform\u00e1ticos o los provocados por virus \/o ataques inform\u00e1ticos, ca\u00eddas, interrupciones ausencia o defecto en las comunicaciones y\/o Internet.<\/p>\n<p>El Usuario ser\u00e1 responsable de los da\u00f1os y\/o perjuicios que\u00a0<strong>ESQUIA, S.A.<\/strong>\u00a0pueda sufrir como consecuencia del incumplimiento de cualquier de los obligaciones a las que queda sometido a trav\u00e9s del presente Aviso Legal, la normativa aplicable y Pol\u00edtica de Privacidad y de Cookies.<\/p>\n<h3>5. POL\u00cdTICA EN MATERIA DE \u201cLINKS\u201d (WEB ENLAZANTE Y WEB ENLAZADA):<\/h3>\n<h4>a) Web enlazante:<\/h4>\n<p>Los terceros que tengan la intenci\u00f3n de incluir en una p\u00e1gina web un enlace de la presente p\u00e1gina web tendr\u00e1n que cumplir con la legislaci\u00f3n vigente y no podr\u00e1n alojar contenidos que sean inapropiados, il\u00edcitos, pornogr\u00e1ficos, violentos, etc.<\/p>\n<p>En ning\u00fan caso\u00a0<strong>ESQUIA, S.A.<\/strong>\u00a0se hace responsable del contenido de la P\u00e1gina Web, ni promueve, garantiza, supervisa ni recomienda los contenidos de esta.<\/p>\n<p>Si la Web enlazante incumple alguno de los aspectos anteriores estar\u00e1 obligado a suprimir el enlace de manera inmediata.<\/p>\n<h4>b) Web enlazada:<\/h4>\n<p>En esta P\u00e1gina Web se pueden incluir enlaces de p\u00e1ginas web de terceros que permitan al Usuario acceder. No obstante,\u00a0<strong>ESQUIA, S.A.<\/strong>\u00a0no se hace responsable del contenido de estas p\u00e1ginas web enlazadas, sino que ser\u00e1 el Usuario el encargado de aceptar y comprobar los accesos cada vez que acceda.<\/p>\n<p>Tales enlaces o menciones tienen una finalidad que no implican el apoyo, la aprobaci\u00f3n, comercializaci\u00f3n o relaci\u00f3n alguna entre la p\u00e1gina y las personas o entidades titulares de los lugares donde se encuentren.<\/p>\n<h3>6. PROPIEDAD INTELECTUAL E INDUSTRIAL SOBRE LOS CONTENIDOS:<\/h3>\n<p><strong>ESQUIA, S.A.<\/strong>\u00a0o sus licenciantes, son titulares de todos los derechos de propiedad intelectual sobre los Contenidos de la P\u00e1gina Web, entendiendo como tal todos los dise\u00f1os, bases de datos, programas de ordenadores subyacentes (c\u00f3digo fuente, incluido), as\u00ed como los diferentes elementos que integran la P\u00e1gina Web (textos, gr\u00e1ficos, fotograf\u00edas, v\u00eddeos, colores, etc.), estructura, orden, etc. En relaci\u00f3n a las marcas y nombres comerciales (\u201csignos distintivos\u201d) son titularidad de\u00a0<strong>ESQUIA, S.A.<\/strong>\u00a0o los licenciantes.<\/p>\n<p>El uso de la P\u00e1gina Web por parte del Usuario no supone la cesi\u00f3n de ning\u00fan derecho de propiedad intelectual ni industrial. El Usuario tiene totalmente prohibido reproducir, copiar, distribuir, poner a disposici\u00f3n o de cualquier otra forma de comunicar p\u00fablicamente, transformar o modificar los Contenidos o los Signos distintivos, salvo que se cuente con la autorizaci\u00f3n del titular de los correspondientes derechos o esto resulte legalmente permitido.<\/p>\n<h3>7. PUBLICIDAD:<\/h3>\n<p>En la p\u00e1gina Web podr\u00e1n alojarse contenidos publicitarios o patrocinados. Los anunciantes o patrocinadores son los \u00fanicos responsables de asegurarse que el material remitido para su inclusi\u00f3n en la Web cumple con las leyes que en cada caso puedan ser aplicables.<\/p>\n<p><strong>ESQUIA, S.A.<\/strong>\u00a0no ser\u00e1 responsable de ning\u00fan error, inexactitud o irregularidad que puedan contener los contenidos publicitarios o de los patrocinadores.<\/p>\n<h3>8. LEGISLACI\u00d3N APLICABLE:<\/h3>\n<p>El Aviso Legal se regir\u00e1 e interpretar\u00e1 en conformidad con la legislaci\u00f3n espa\u00f1ola.<\/p>\n<p>Para la resoluci\u00f3n de cualquier conflicto que pudiera derivarse del acceso al sitio web, se someter\u00e1n a los juzgados o tribunales pertinentes de conformidad con la normativa de consumidores y usuarios.<\/p>\n<h3>9. CONTACTO:<\/h3>\n<p>Para cualquier pregunta o comentario sobre el<\/p>\n\t\t\t\t\t\t\t\t<\/div>\n\t\t\t\t<\/div>\n\t\t\t\t<div class=\"elementor-element elementor-element-a770af4 elementor-widget elementor-widget-spacer\" data-id=\"a770af4\" data-element_type=\"widget\" data-e-type=\"widget\" data-widget_type=\"spacer.default\">\n\t\t\t\t<div class=\"elementor-widget-container\">\n\t\t\t\t\t\t\t<div class=\"elementor-spacer\">\n\t\t\t<div class=\"elementor-spacer-inner\"><\/div>\n\t\t<\/div>\n\t\t\t\t\t\t<\/div>\n\t\t\t\t<\/div>\n\t\t\t\t\t<\/div>\n\t\t\t\t<\/div>\n\t\t\t\t<\/div>\n\t\t","protected":false},"excerpt":{"rendered":"<p>Restaurant \u00e0 Baqueira Come, brinda y disfruta a pie de pistas Ver Carta Restaurante en Baqueira Come, brinda y disfruta a pie de pistas Ver Carta Aviso Legal En cumplimiento de la Ley 34\/2002, de 11 de julio, de Servicios de la Sociedad de la Informaci\u00f3n y de Comercio electr\u00f3nico, se informa al Usuario que [&hellip;]<\/p>\n","protected":false},"author":1,"featured_media":0,"parent":0,"menu_order":0,"comment_status":"closed","ping_status":"closed","template":"template-homepage.php","meta":{"inline_featured_image":false,"footnotes":""},"class_list":["post-6802","page","type-page","status-publish","hentry"],"yoast_head":"<!-- This site is optimized with the Yoast SEO plugin v26.8 - https:\/\/yoast.com\/product\/yoast-seo-wordpress\/ -->\n<title>Aviso Legal - Blanc<\/title>\n<meta name=\"robots\" content=\"index, follow, max-snippet:-1, max-image-preview:large, max-video-preview:-1\" \/>\n<link rel=\"canonical\" href=\"https:\/\/www.blancbaqueira.com\/fr\/avis-legal\/\" \/>\n<meta property=\"og:locale\" content=\"fr_FR\" \/>\n<meta property=\"og:type\" content=\"article\" \/>\n<meta property=\"og:title\" content=\"Aviso Legal - Blanc\" \/>\n<meta property=\"og:description\" content=\"Restaurant \u00e0 Baqueira Come, brinda y disfruta a pie de pistas Ver Carta Restaurante en Baqueira Come, brinda y disfruta a pie de pistas Ver Carta Aviso Legal En cumplimiento de la Ley 34\/2002, de 11 de julio, de Servicios de la Sociedad de la Informaci\u00f3n y de Comercio electr\u00f3nico, se informa al Usuario que [&hellip;]\" \/>\n<meta property=\"og:url\" content=\"https:\/\/www.blancbaqueira.com\/fr\/avis-legal\/\" \/>\n<meta property=\"og:site_name\" content=\"Blanc\" \/>\n<meta property=\"article:modified_time\" content=\"2024-12-03T16:02:42+00:00\" \/>\n<meta name=\"twitter:card\" content=\"summary_large_image\" \/>\n<meta name=\"twitter:label1\" content=\"Dur\u00e9e de lecture estim\u00e9e\" \/>\n\t<meta name=\"twitter:data1\" content=\"6 minutes\" \/>\n<script type=\"application\/ld+json\" class=\"yoast-schema-graph\">{\"@context\":\"https:\/\/schema.org\",\"@graph\":[{\"@type\":\"WebPage\",\"@id\":\"https:\/\/www.blancbaqueira.com\/fr\/avis-legal\/\",\"url\":\"https:\/\/www.blancbaqueira.com\/fr\/avis-legal\/\",\"name\":\"Aviso Legal - Blanc\",\"isPartOf\":{\"@id\":\"https:\/\/www.blancbaqueira.com\/#website\"},\"datePublished\":\"2024-12-03T07:38:04+00:00\",\"dateModified\":\"2024-12-03T16:02:42+00:00\",\"breadcrumb\":{\"@id\":\"https:\/\/www.blancbaqueira.com\/fr\/avis-legal\/#breadcrumb\"},\"inLanguage\":\"fr-FR\",\"potentialAction\":[{\"@type\":\"ReadAction\",\"target\":[\"https:\/\/www.blancbaqueira.com\/fr\/avis-legal\/\"]}]},{\"@type\":\"BreadcrumbList\",\"@id\":\"https:\/\/www.blancbaqueira.com\/fr\/avis-legal\/#breadcrumb\",\"itemListElement\":[{\"@type\":\"ListItem\",\"position\":1,\"name\":\"Portada\",\"item\":\"https:\/\/www.blancbaqueira.com\/fr\/home-1\/\"},{\"@type\":\"ListItem\",\"position\":2,\"name\":\"Aviso Legal\"}]},{\"@type\":\"WebSite\",\"@id\":\"https:\/\/www.blancbaqueira.com\/#website\",\"url\":\"https:\/\/www.blancbaqueira.com\/\",\"name\":\"Blanc\",\"description\":\"Restaurant \u00e0 Baqueira\",\"publisher\":{\"@id\":\"https:\/\/www.blancbaqueira.com\/#organization\"},\"potentialAction\":[{\"@type\":\"SearchAction\",\"target\":{\"@type\":\"EntryPoint\",\"urlTemplate\":\"https:\/\/www.blancbaqueira.com\/?s={search_term_string}\"},\"query-input\":{\"@type\":\"PropertyValueSpecification\",\"valueRequired\":true,\"valueName\":\"search_term_string\"}}],\"inLanguage\":\"fr-FR\"},{\"@type\":\"Organization\",\"@id\":\"https:\/\/www.blancbaqueira.com\/#organization\",\"name\":\"Blanc\",\"url\":\"https:\/\/www.blancbaqueira.com\/\",\"logo\":{\"@type\":\"ImageObject\",\"inLanguage\":\"fr-FR\",\"@id\":\"https:\/\/www.blancbaqueira.com\/#\/schema\/logo\/image\/\",\"url\":\"https:\/\/www.blancbaqueira.com\/wp-content\/uploads\/2024\/11\/home2.png\",\"contentUrl\":\"https:\/\/www.blancbaqueira.com\/wp-content\/uploads\/2024\/11\/home2.png\",\"width\":627,\"height\":115,\"caption\":\"Blanc\"},\"image\":{\"@id\":\"https:\/\/www.blancbaqueira.com\/#\/schema\/logo\/image\/\"}}]}<\/script>\n<!-- \/ Yoast SEO plugin. -->","yoast_head_json":{"title":"Aviso Legal - Blanc","robots":{"index":"index","follow":"follow","max-snippet":"max-snippet:-1","max-image-preview":"max-image-preview:large","max-video-preview":"max-video-preview:-1"},"canonical":"https:\/\/www.blancbaqueira.com\/fr\/avis-legal\/","og_locale":"fr_FR","og_type":"article","og_title":"Aviso Legal - Blanc","og_description":"Restaurant \u00e0 Baqueira Come, brinda y disfruta a pie de pistas Ver Carta Restaurante en Baqueira Come, brinda y disfruta a pie de pistas Ver Carta Aviso Legal En cumplimiento de la Ley 34\/2002, de 11 de julio, de Servicios de la Sociedad de la Informaci\u00f3n y de Comercio electr\u00f3nico, se informa al Usuario que [&hellip;]","og_url":"https:\/\/www.blancbaqueira.com\/fr\/avis-legal\/","og_site_name":"Blanc","article_modified_time":"2024-12-03T16:02:42+00:00","twitter_card":"summary_large_image","twitter_misc":{"Dur\u00e9e de lecture estim\u00e9e":"6 minutes"},"schema":{"@context":"https:\/\/schema.org","@graph":[{"@type":"WebPage","@id":"https:\/\/www.blancbaqueira.com\/fr\/avis-legal\/","url":"https:\/\/www.blancbaqueira.com\/fr\/avis-legal\/","name":"Aviso Legal - Blanc","isPartOf":{"@id":"https:\/\/www.blancbaqueira.com\/#website"},"datePublished":"2024-12-03T07:38:04+00:00","dateModified":"2024-12-03T16:02:42+00:00","breadcrumb":{"@id":"https:\/\/www.blancbaqueira.com\/fr\/avis-legal\/#breadcrumb"},"inLanguage":"fr-FR","potentialAction":[{"@type":"ReadAction","target":["https:\/\/www.blancbaqueira.com\/fr\/avis-legal\/"]}]},{"@type":"BreadcrumbList","@id":"https:\/\/www.blancbaqueira.com\/fr\/avis-legal\/#breadcrumb","itemListElement":[{"@type":"ListItem","position":1,"name":"Portada","item":"https:\/\/www.blancbaqueira.com\/fr\/home-1\/"},{"@type":"ListItem","position":2,"name":"Aviso Legal"}]},{"@type":"WebSite","@id":"https:\/\/www.blancbaqueira.com\/#website","url":"https:\/\/www.blancbaqueira.com\/","name":"Blanc","description":"Restaurant \u00e0 Baqueira","publisher":{"@id":"https:\/\/www.blancbaqueira.com\/#organization"},"potentialAction":[{"@type":"SearchAction","target":{"@type":"EntryPoint","urlTemplate":"https:\/\/www.blancbaqueira.com\/?s={search_term_string}"},"query-input":{"@type":"PropertyValueSpecification","valueRequired":true,"valueName":"search_term_string"}}],"inLanguage":"fr-FR"},{"@type":"Organization","@id":"https:\/\/www.blancbaqueira.com\/#organization","name":"Blanc","url":"https:\/\/www.blancbaqueira.com\/","logo":{"@type":"ImageObject","inLanguage":"fr-FR","@id":"https:\/\/www.blancbaqueira.com\/#\/schema\/logo\/image\/","url":"https:\/\/www.blancbaqueira.com\/wp-content\/uploads\/2024\/11\/home2.png","contentUrl":"https:\/\/www.blancbaqueira.com\/wp-content\/uploads\/2024\/11\/home2.png","width":627,"height":115,"caption":"Blanc"},"image":{"@id":"https:\/\/www.blancbaqueira.com\/#\/schema\/logo\/image\/"}}]}},"_links":{"self":[{"href":"https:\/\/www.blancbaqueira.com\/fr\/wp-json\/wp\/v2\/pages\/6802","targetHints":{"allow":["GET"]}}],"collection":[{"href":"https:\/\/www.blancbaqueira.com\/fr\/wp-json\/wp\/v2\/pages"}],"about":[{"href":"https:\/\/www.blancbaqueira.com\/fr\/wp-json\/wp\/v2\/types\/page"}],"author":[{"embeddable":true,"href":"https:\/\/www.blancbaqueira.com\/fr\/wp-json\/wp\/v2\/users\/1"}],"replies":[{"embeddable":true,"href":"https:\/\/www.blancbaqueira.com\/fr\/wp-json\/wp\/v2\/comments?post=6802"}],"version-history":[{"count":7,"href":"https:\/\/www.blancbaqueira.com\/fr\/wp-json\/wp\/v2\/pages\/6802\/revisions"}],"predecessor-version":[{"id":6920,"href":"https:\/\/www.blancbaqueira.com\/fr\/wp-json\/wp\/v2\/pages\/6802\/revisions\/6920"}],"wp:attachment":[{"href":"https:\/\/www.blancbaqueira.com\/fr\/wp-json\/wp\/v2\/media?parent=6802"}],"curies":[{"name":"wp","href":"https:\/\/api.w.org\/{rel}","templated":true}]}}