{"id":6826,"date":"2024-12-03T08:42:23","date_gmt":"2024-12-03T08:42:23","guid":{"rendered":"https:\/\/www.blancbaqueira.com\/?page_id=6826"},"modified":"2024-12-03T16:02:35","modified_gmt":"2024-12-03T16:02:35","slug":"cookies-policy","status":"publish","type":"page","link":"https:\/\/www.blancbaqueira.com\/en\/cookies-policy\/","title":{"rendered":"Cookies Policy"},"content":{"rendered":"\t\t<div data-elementor-type=\"wp-page\" data-elementor-id=\"6826\" class=\"elementor elementor-6826 elementor-6760\" data-elementor-post-type=\"page\">\n\t\t\t\t\t\t<div class=\"elementor-section elementor-top-section elementor-element elementor-element-4abf43c elementor-section-stretched elementor-section-height-min-height elementor-hidden-mobile_extra elementor-hidden-mobile elementor-section-boxed elementor-section-height-default elementor-section-items-middle\" data-id=\"4abf43c\" data-element_type=\"section\" data-e-type=\"section\" data-settings=\"{&quot;stretch_section&quot;:&quot;section-stretched&quot;,&quot;background_background&quot;:&quot;classic&quot;}\">\n\t\t\t\t\t\t\t<div class=\"elementor-background-overlay\"><\/div>\n\t\t\t\t\t\t\t<div class=\"elementor-container elementor-column-gap-no\">\n\t\t\t\t\t<div class=\"elementor-column elementor-col-100 elementor-top-column elementor-element elementor-element-5dcc40c\" data-id=\"5dcc40c\" data-element_type=\"column\" data-e-type=\"column\" data-settings=\"{&quot;background_background&quot;:&quot;classic&quot;}\">\n\t\t\t<div class=\"elementor-widget-wrap elementor-element-populated\">\n\t\t\t\t\t\t<div class=\"elementor-element elementor-element-9ceaacd elementor-widget elementor-widget-heading\" data-id=\"9ceaacd\" data-element_type=\"widget\" data-e-type=\"widget\" data-widget_type=\"heading.default\">\n\t\t\t\t<div class=\"elementor-widget-container\">\n\t\t\t\t\t<h1 class=\"elementor-heading-title elementor-size-default\">Restaurant in Baqueira<\/h1>\t\t\t\t<\/div>\n\t\t\t\t<\/div>\n\t\t\t\t<div class=\"elementor-element elementor-element-bd740f3 show-button-link-yes elementor-position-top elementor-position-below elementor-vertical-align-top elementor-widget elementor-widget-image-box\" data-id=\"bd740f3\" data-element_type=\"widget\" data-e-type=\"widget\" data-widget_type=\"image-box.default\">\n\t\t\t\t<div class=\"elementor-widget-container\">\n\t\t\t\t\t<div class=\"elementor-image-box-wrapper\"><div class=\"elementor-image-box-content\"><div class=\"icon\"><\/div><p class=\"elementor-image-box-description\">Come, brinda y disfruta <br\/>\n a pie de pistas<\/p><div class=\"elementor-image-box-button-wrapper\"><a href=\"https:\/\/carta.avocaty.io\/blancbaqueira\" class=\"elementor-image-box-button\"><span class=\"elementor-image-box-button-text\"> Ver Carta<\/span><\/a><\/div><\/div><\/div>\t\t\t\t<\/div>\n\t\t\t\t<\/div>\n\t\t\t\t\t<\/div>\n\t\t<\/div>\n\t\t\t\t\t<\/div>\n\t\t<\/div>\n\t\t\t\t<div class=\"elementor-section elementor-top-section elementor-element elementor-element-6e1a456 elementor-section-stretched elementor-section-height-min-height elementor-hidden-desktop elementor-hidden-laptop elementor-hidden-tablet_extra elementor-hidden-tablet elementor-section-boxed elementor-section-height-default elementor-section-items-middle\" data-id=\"6e1a456\" data-element_type=\"section\" data-e-type=\"section\" data-settings=\"{&quot;stretch_section&quot;:&quot;section-stretched&quot;,&quot;background_background&quot;:&quot;classic&quot;}\">\n\t\t\t\t\t\t\t<div class=\"elementor-background-overlay\"><\/div>\n\t\t\t\t\t\t\t<div class=\"elementor-container elementor-column-gap-no\">\n\t\t\t\t\t<div class=\"elementor-column elementor-col-100 elementor-top-column elementor-element elementor-element-2e0004e\" data-id=\"2e0004e\" data-element_type=\"column\" data-e-type=\"column\" data-settings=\"{&quot;background_background&quot;:&quot;classic&quot;}\">\n\t\t\t<div class=\"elementor-widget-wrap elementor-element-populated\">\n\t\t\t\t\t\t<div class=\"elementor-element elementor-element-5726bc8 elementor-position-top elementor-position-below elementor-vertical-align-top elementor-widget elementor-widget-image-box\" data-id=\"5726bc8\" data-element_type=\"widget\" data-e-type=\"widget\" data-widget_type=\"image-box.default\">\n\t\t\t\t<div class=\"elementor-widget-container\">\n\t\t\t\t\t<div class=\"elementor-image-box-wrapper\"><div class=\"elementor-image-box-content\"><div class=\"icon\"><\/div><div class=\"elementor-image-box-sub-title\">Restaurante en Baqueira<\/div><\/div><\/div>\t\t\t\t<\/div>\n\t\t\t\t<\/div>\n\t\t\t\t<div class=\"elementor-element elementor-element-b62c675 show-button-link-yes elementor-position-top elementor-position-below elementor-vertical-align-top elementor-widget elementor-widget-image-box\" data-id=\"b62c675\" data-element_type=\"widget\" data-e-type=\"widget\" data-widget_type=\"image-box.default\">\n\t\t\t\t<div class=\"elementor-widget-container\">\n\t\t\t\t\t<div class=\"elementor-image-box-wrapper\"><div class=\"elementor-image-box-content\"><div class=\"icon\"><\/div><p class=\"elementor-image-box-description\">Come, brinda y disfruta <br\/>\n a pie de pistas<\/p><div class=\"elementor-image-box-button-wrapper\"><a href=\"https:\/\/carta.avocaty.io\/blancbaqueira\" class=\"elementor-image-box-button\"><span class=\"elementor-image-box-button-text\"> Ver Carta<\/span><\/a><\/div><\/div><\/div>\t\t\t\t<\/div>\n\t\t\t\t<\/div>\n\t\t\t\t\t<\/div>\n\t\t<\/div>\n\t\t\t\t\t<\/div>\n\t\t<\/div>\n\t\t<div class=\"elementor-element elementor-element-0e9ded5 e-flex e-con-boxed e-con e-parent\" data-id=\"0e9ded5\" data-element_type=\"container\" data-e-type=\"container\">\n\t\t\t\t\t<div class=\"e-con-inner\">\n\t\t\t\t<div class=\"elementor-element elementor-element-7da6eac elementor-widget elementor-widget-spacer\" data-id=\"7da6eac\" data-element_type=\"widget\" data-e-type=\"widget\" data-widget_type=\"spacer.default\">\n\t\t\t\t<div class=\"elementor-widget-container\">\n\t\t\t\t\t\t\t<div class=\"elementor-spacer\">\n\t\t\t<div class=\"elementor-spacer-inner\"><\/div>\n\t\t<\/div>\n\t\t\t\t\t\t<\/div>\n\t\t\t\t<\/div>\n\t\t\t\t<div class=\"elementor-element elementor-element-909a449 elementor-widget elementor-widget-heading\" data-id=\"909a449\" data-element_type=\"widget\" data-e-type=\"widget\" data-widget_type=\"heading.default\">\n\t\t\t\t<div class=\"elementor-widget-container\">\n\t\t\t\t\t<h2 class=\"elementor-heading-title elementor-size-default\">Pol\u00edtica de Cookies<\/h2>\t\t\t\t<\/div>\n\t\t\t\t<\/div>\n\t\t\t\t<div class=\"elementor-element elementor-element-074afa5 elementor-widget elementor-widget-text-editor\" data-id=\"074afa5\" data-element_type=\"widget\" data-e-type=\"widget\" data-widget_type=\"text-editor.default\">\n\t\t\t\t<div class=\"elementor-widget-container\">\n\t\t\t\t\t\t\t\t\t<p>Debido a la entrada en vigor de la modificaci\u00f3n de la &#8220;Ley de Servicios de la Sociedad de la Informaci\u00f3n&#8221; (LSSICE) establecida por el Real decreto 13\/2012, es de obligaci\u00f3n obtener el consentimiento expreso del usuario de todas las p\u00e1ginas web que utilizan\u00a0<em>cookies<\/em>\u00a0antes de que \u00e9ste navegue por ellas.<\/p>\n<h3>\u00bfQu\u00e9 son las\u00a0<em>cookies<\/em>?<\/h3>\n<p>Las\u00a0<em>cookies<\/em>\u00a0y otras tecnolog\u00edas similares tales como\u00a0<em>local shared objects, flash cookies o p\u00edxeles<\/em>, son herramientas empleadas por los servidores web para almacenar y recuperar informaci\u00f3n sobre sus visitantes, as\u00ed como para ofrecer un correcto funcionamiento del sitio.<\/p>\n<p>Mediante el uso de estos dispositivos se permite al servidor web recordar algunos datos concernientes al usuario, como sus preferencias para la visualizaci\u00f3n de las p\u00e1ginas de este servidor, productos que m\u00e1s le interesan, etc.<\/p>\n<h3><em>Cookies<\/em>\u00a0afectadas por la normativa y\u00a0<em>cookies<\/em>\u00a0exceptuadas<\/h3>\n<p>Seg\u00fan la directiva de la UE, las\u00a0<em>cookies<\/em>\u00a0que requieren el consentimiento informado por parte del usuario son las\u00a0<em>cookies<\/em>\u00a0de anal\u00edtica y las de publicidad y afiliaci\u00f3n, quedando exceptuadas las de car\u00e1cter t\u00e9cnico y aquellas necesarias para la prestaci\u00f3n de un servicio expresamente pedido por el usuario.<\/p>\n<h3>\u00bfQu\u00e9 tipos de\u00a0<em>cookies<\/em>\u00a0hay?<\/h3>\n<p>Las\u00a0<em>cookies\u00a0<\/em>se pueden agrupar en cinco grandes grupos:<\/p>\n<p>\u2022\u00a0<em>Cookies<\/em>\u00a0anal\u00edticas: recogen informaci\u00f3n del uso que se realiza del sitio web.<\/p>\n<p>\u2022\u00a0<em>Cookies<\/em>\u00a0sociales: son aquellas necesarias para redes sociales externas.<\/p>\n<p>\u2022\u00a0<em>Cookies<\/em>\u00a0de afiliados: permiten hacer un seguimiento de las visitas procedentes de otros sitios web, con las que el sitio web establece un contrato de afiliaci\u00f3n (empresas de afiliaci\u00f3n).<\/p>\n<p>\u2022\u00a0<em>Cookies<\/em>\u00a0de publicidad y comportamentales: recogen informaci\u00f3n sobre las preferencias y elecciones personales del usuario (retargeting).<\/p>\n<p>\u2022\u00a0<em>Cookies<\/em>\u00a0t\u00e9cnicas y funcionales: son las estrictamente necesarias para el uso del sitio web y para la prestaci\u00f3n del servicio contratado.<\/p>\n\t\t\t\t\t\t\t\t<\/div>\n\t\t\t\t<\/div>\n\t\t\t\t<div class=\"elementor-element elementor-element-a770af4 elementor-widget elementor-widget-spacer\" data-id=\"a770af4\" data-element_type=\"widget\" data-e-type=\"widget\" data-widget_type=\"spacer.default\">\n\t\t\t\t<div class=\"elementor-widget-container\">\n\t\t\t\t\t\t\t<div class=\"elementor-spacer\">\n\t\t\t<div class=\"elementor-spacer-inner\"><\/div>\n\t\t<\/div>\n\t\t\t\t\t\t<\/div>\n\t\t\t\t<\/div>\n\t\t\t\t\t<\/div>\n\t\t\t\t<\/div>\n\t\t\t\t<\/div>\n\t\t","protected":false},"excerpt":{"rendered":"<p>Restaurant in Baqueira Come, brinda y disfruta a pie de pistas Ver Carta Restaurante en Baqueira Come, brinda y disfruta a pie de pistas Ver Carta Pol\u00edtica de Cookies Debido a la entrada en vigor de la modificaci\u00f3n de la &#8220;Ley de Servicios de la Sociedad de la Informaci\u00f3n&#8221; (LSSICE) establecida por el Real decreto [&hellip;]<\/p>\n","protected":false},"author":1,"featured_media":0,"parent":0,"menu_order":0,"comment_status":"closed","ping_status":"closed","template":"template-homepage.php","meta":{"inline_featured_image":false,"footnotes":""},"class_list":["post-6826","page","type-page","status-publish","hentry"],"yoast_head":"<!-- This site is optimized with the Yoast SEO plugin v26.8 - https:\/\/yoast.com\/product\/yoast-seo-wordpress\/ -->\n<title>Cookies Policy - Blanc<\/title>\n<meta name=\"robots\" content=\"index, follow, max-snippet:-1, max-image-preview:large, max-video-preview:-1\" \/>\n<link rel=\"canonical\" href=\"https:\/\/www.blancbaqueira.com\/en\/cookies-policy\/\" \/>\n<meta property=\"og:locale\" content=\"en_US\" \/>\n<meta property=\"og:type\" content=\"article\" \/>\n<meta property=\"og:title\" content=\"Cookies Policy - Blanc\" \/>\n<meta property=\"og:description\" content=\"Restaurant in Baqueira Come, brinda y disfruta a pie de pistas Ver Carta Restaurante en Baqueira Come, brinda y disfruta a pie de pistas Ver Carta Pol\u00edtica de Cookies Debido a la entrada en vigor de la modificaci\u00f3n de la &#8220;Ley de Servicios de la Sociedad de la Informaci\u00f3n&#8221; (LSSICE) establecida por el Real decreto [&hellip;]\" \/>\n<meta property=\"og:url\" content=\"https:\/\/www.blancbaqueira.com\/en\/cookies-policy\/\" \/>\n<meta property=\"og:site_name\" content=\"Blanc\" \/>\n<meta property=\"article:modified_time\" content=\"2024-12-03T16:02:35+00:00\" \/>\n<meta name=\"twitter:card\" content=\"summary_large_image\" \/>\n<meta name=\"twitter:label1\" content=\"Est. reading time\" \/>\n\t<meta name=\"twitter:data1\" content=\"2 minutes\" \/>\n<script type=\"application\/ld+json\" class=\"yoast-schema-graph\">{\"@context\":\"https:\/\/schema.org\",\"@graph\":[{\"@type\":\"WebPage\",\"@id\":\"https:\/\/www.blancbaqueira.com\/en\/cookies-policy\/\",\"url\":\"https:\/\/www.blancbaqueira.com\/en\/cookies-policy\/\",\"name\":\"Cookies Policy - Blanc\",\"isPartOf\":{\"@id\":\"https:\/\/www.blancbaqueira.com\/#website\"},\"datePublished\":\"2024-12-03T08:42:23+00:00\",\"dateModified\":\"2024-12-03T16:02:35+00:00\",\"breadcrumb\":{\"@id\":\"https:\/\/www.blancbaqueira.com\/en\/cookies-policy\/#breadcrumb\"},\"inLanguage\":\"en-US\",\"potentialAction\":[{\"@type\":\"ReadAction\",\"target\":[\"https:\/\/www.blancbaqueira.com\/en\/cookies-policy\/\"]}]},{\"@type\":\"BreadcrumbList\",\"@id\":\"https:\/\/www.blancbaqueira.com\/en\/cookies-policy\/#breadcrumb\",\"itemListElement\":[{\"@type\":\"ListItem\",\"position\":1,\"name\":\"Portada\",\"item\":\"https:\/\/www.blancbaqueira.com\/en\/home-1\/\"},{\"@type\":\"ListItem\",\"position\":2,\"name\":\"Cookies Policy\"}]},{\"@type\":\"WebSite\",\"@id\":\"https:\/\/www.blancbaqueira.com\/#website\",\"url\":\"https:\/\/www.blancbaqueira.com\/\",\"name\":\"Blanc\",\"description\":\"Restaurant in Baqueira\",\"publisher\":{\"@id\":\"https:\/\/www.blancbaqueira.com\/#organization\"},\"potentialAction\":[{\"@type\":\"SearchAction\",\"target\":{\"@type\":\"EntryPoint\",\"urlTemplate\":\"https:\/\/www.blancbaqueira.com\/?s={search_term_string}\"},\"query-input\":{\"@type\":\"PropertyValueSpecification\",\"valueRequired\":true,\"valueName\":\"search_term_string\"}}],\"inLanguage\":\"en-US\"},{\"@type\":\"Organization\",\"@id\":\"https:\/\/www.blancbaqueira.com\/#organization\",\"name\":\"Blanc\",\"url\":\"https:\/\/www.blancbaqueira.com\/\",\"logo\":{\"@type\":\"ImageObject\",\"inLanguage\":\"en-US\",\"@id\":\"https:\/\/www.blancbaqueira.com\/#\/schema\/logo\/image\/\",\"url\":\"https:\/\/www.blancbaqueira.com\/wp-content\/uploads\/2024\/11\/home2.png\",\"contentUrl\":\"https:\/\/www.blancbaqueira.com\/wp-content\/uploads\/2024\/11\/home2.png\",\"width\":627,\"height\":115,\"caption\":\"Blanc\"},\"image\":{\"@id\":\"https:\/\/www.blancbaqueira.com\/#\/schema\/logo\/image\/\"}}]}<\/script>\n<!-- \/ Yoast SEO plugin. -->","yoast_head_json":{"title":"Cookies Policy - Blanc","robots":{"index":"index","follow":"follow","max-snippet":"max-snippet:-1","max-image-preview":"max-image-preview:large","max-video-preview":"max-video-preview:-1"},"canonical":"https:\/\/www.blancbaqueira.com\/en\/cookies-policy\/","og_locale":"en_US","og_type":"article","og_title":"Cookies Policy - Blanc","og_description":"Restaurant in Baqueira Come, brinda y disfruta a pie de pistas Ver Carta Restaurante en Baqueira Come, brinda y disfruta a pie de pistas Ver Carta Pol\u00edtica de Cookies Debido a la entrada en vigor de la modificaci\u00f3n de la &#8220;Ley de Servicios de la Sociedad de la Informaci\u00f3n&#8221; (LSSICE) establecida por el Real decreto [&hellip;]","og_url":"https:\/\/www.blancbaqueira.com\/en\/cookies-policy\/","og_site_name":"Blanc","article_modified_time":"2024-12-03T16:02:35+00:00","twitter_card":"summary_large_image","twitter_misc":{"Est. reading time":"2 minutes"},"schema":{"@context":"https:\/\/schema.org","@graph":[{"@type":"WebPage","@id":"https:\/\/www.blancbaqueira.com\/en\/cookies-policy\/","url":"https:\/\/www.blancbaqueira.com\/en\/cookies-policy\/","name":"Cookies Policy - Blanc","isPartOf":{"@id":"https:\/\/www.blancbaqueira.com\/#website"},"datePublished":"2024-12-03T08:42:23+00:00","dateModified":"2024-12-03T16:02:35+00:00","breadcrumb":{"@id":"https:\/\/www.blancbaqueira.com\/en\/cookies-policy\/#breadcrumb"},"inLanguage":"en-US","potentialAction":[{"@type":"ReadAction","target":["https:\/\/www.blancbaqueira.com\/en\/cookies-policy\/"]}]},{"@type":"BreadcrumbList","@id":"https:\/\/www.blancbaqueira.com\/en\/cookies-policy\/#breadcrumb","itemListElement":[{"@type":"ListItem","position":1,"name":"Portada","item":"https:\/\/www.blancbaqueira.com\/en\/home-1\/"},{"@type":"ListItem","position":2,"name":"Cookies Policy"}]},{"@type":"WebSite","@id":"https:\/\/www.blancbaqueira.com\/#website","url":"https:\/\/www.blancbaqueira.com\/","name":"Blanc","description":"Restaurant in Baqueira","publisher":{"@id":"https:\/\/www.blancbaqueira.com\/#organization"},"potentialAction":[{"@type":"SearchAction","target":{"@type":"EntryPoint","urlTemplate":"https:\/\/www.blancbaqueira.com\/?s={search_term_string}"},"query-input":{"@type":"PropertyValueSpecification","valueRequired":true,"valueName":"search_term_string"}}],"inLanguage":"en-US"},{"@type":"Organization","@id":"https:\/\/www.blancbaqueira.com\/#organization","name":"Blanc","url":"https:\/\/www.blancbaqueira.com\/","logo":{"@type":"ImageObject","inLanguage":"en-US","@id":"https:\/\/www.blancbaqueira.com\/#\/schema\/logo\/image\/","url":"https:\/\/www.blancbaqueira.com\/wp-content\/uploads\/2024\/11\/home2.png","contentUrl":"https:\/\/www.blancbaqueira.com\/wp-content\/uploads\/2024\/11\/home2.png","width":627,"height":115,"caption":"Blanc"},"image":{"@id":"https:\/\/www.blancbaqueira.com\/#\/schema\/logo\/image\/"}}]}},"_links":{"self":[{"href":"https:\/\/www.blancbaqueira.com\/en\/wp-json\/wp\/v2\/pages\/6826","targetHints":{"allow":["GET"]}}],"collection":[{"href":"https:\/\/www.blancbaqueira.com\/en\/wp-json\/wp\/v2\/pages"}],"about":[{"href":"https:\/\/www.blancbaqueira.com\/en\/wp-json\/wp\/v2\/types\/page"}],"author":[{"embeddable":true,"href":"https:\/\/www.blancbaqueira.com\/en\/wp-json\/wp\/v2\/users\/1"}],"replies":[{"embeddable":true,"href":"https:\/\/www.blancbaqueira.com\/en\/wp-json\/wp\/v2\/comments?post=6826"}],"version-history":[{"count":11,"href":"https:\/\/www.blancbaqueira.com\/en\/wp-json\/wp\/v2\/pages\/6826\/revisions"}],"predecessor-version":[{"id":6916,"href":"https:\/\/www.blancbaqueira.com\/en\/wp-json\/wp\/v2\/pages\/6826\/revisions\/6916"}],"wp:attachment":[{"href":"https:\/\/www.blancbaqueira.com\/en\/wp-json\/wp\/v2\/media?parent=6826"}],"curies":[{"name":"wp","href":"https:\/\/api.w.org\/{rel}","templated":true}]}}