{"id":6808,"date":"2024-12-03T08:33:33","date_gmt":"2024-12-03T08:33:33","guid":{"rendered":"https:\/\/www.blancbaqueira.com\/?page_id=6808"},"modified":"2024-12-03T16:02:38","modified_gmt":"2024-12-03T16:02:38","slug":"politica-de-privacidad-2","status":"publish","type":"page","link":"https:\/\/www.blancbaqueira.com\/en\/politica-de-privacidad-2\/","title":{"rendered":"Privacy Policy"},"content":{"rendered":"\t\t<div data-elementor-type=\"wp-page\" data-elementor-id=\"6808\" class=\"elementor elementor-6808 elementor-6756\" data-elementor-post-type=\"page\">\n\t\t\t\t\t\t<div class=\"elementor-section elementor-top-section elementor-element elementor-element-4abf43c elementor-section-stretched elementor-section-height-min-height elementor-hidden-mobile_extra elementor-hidden-mobile elementor-section-boxed elementor-section-height-default elementor-section-items-middle\" data-id=\"4abf43c\" data-element_type=\"section\" data-e-type=\"section\" data-settings=\"{&quot;stretch_section&quot;:&quot;section-stretched&quot;,&quot;background_background&quot;:&quot;classic&quot;}\">\n\t\t\t\t\t\t\t<div class=\"elementor-background-overlay\"><\/div>\n\t\t\t\t\t\t\t<div class=\"elementor-container elementor-column-gap-no\">\n\t\t\t\t\t<div class=\"elementor-column elementor-col-100 elementor-top-column elementor-element elementor-element-5dcc40c\" data-id=\"5dcc40c\" data-element_type=\"column\" data-e-type=\"column\" data-settings=\"{&quot;background_background&quot;:&quot;classic&quot;}\">\n\t\t\t<div class=\"elementor-widget-wrap elementor-element-populated\">\n\t\t\t\t\t\t<div class=\"elementor-element elementor-element-9ceaacd elementor-widget elementor-widget-heading\" data-id=\"9ceaacd\" data-element_type=\"widget\" data-e-type=\"widget\" data-widget_type=\"heading.default\">\n\t\t\t\t<div class=\"elementor-widget-container\">\n\t\t\t\t\t<h1 class=\"elementor-heading-title elementor-size-default\">Restaurant in Baqueira<\/h1>\t\t\t\t<\/div>\n\t\t\t\t<\/div>\n\t\t\t\t<div class=\"elementor-element elementor-element-bd740f3 show-button-link-yes elementor-position-top elementor-position-below elementor-vertical-align-top elementor-widget elementor-widget-image-box\" data-id=\"bd740f3\" data-element_type=\"widget\" data-e-type=\"widget\" data-widget_type=\"image-box.default\">\n\t\t\t\t<div class=\"elementor-widget-container\">\n\t\t\t\t\t<div class=\"elementor-image-box-wrapper\"><div class=\"elementor-image-box-content\"><div class=\"icon\"><\/div><p class=\"elementor-image-box-description\">Come, brinda y disfruta <br\/>\n a pie de pistas<\/p><div class=\"elementor-image-box-button-wrapper\"><a href=\"https:\/\/carta.avocaty.io\/blancbaqueira\" class=\"elementor-image-box-button\"><span class=\"elementor-image-box-button-text\"> Ver Carta<\/span><\/a><\/div><\/div><\/div>\t\t\t\t<\/div>\n\t\t\t\t<\/div>\n\t\t\t\t\t<\/div>\n\t\t<\/div>\n\t\t\t\t\t<\/div>\n\t\t<\/div>\n\t\t\t\t<div class=\"elementor-section elementor-top-section elementor-element elementor-element-6e1a456 elementor-section-stretched elementor-section-height-min-height elementor-hidden-desktop elementor-hidden-laptop elementor-hidden-tablet_extra elementor-hidden-tablet elementor-section-boxed elementor-section-height-default elementor-section-items-middle\" data-id=\"6e1a456\" data-element_type=\"section\" data-e-type=\"section\" data-settings=\"{&quot;stretch_section&quot;:&quot;section-stretched&quot;,&quot;background_background&quot;:&quot;classic&quot;}\">\n\t\t\t\t\t\t\t<div class=\"elementor-background-overlay\"><\/div>\n\t\t\t\t\t\t\t<div class=\"elementor-container elementor-column-gap-no\">\n\t\t\t\t\t<div class=\"elementor-column elementor-col-100 elementor-top-column elementor-element elementor-element-2e0004e\" data-id=\"2e0004e\" data-element_type=\"column\" data-e-type=\"column\" data-settings=\"{&quot;background_background&quot;:&quot;classic&quot;}\">\n\t\t\t<div class=\"elementor-widget-wrap elementor-element-populated\">\n\t\t\t\t\t\t<div class=\"elementor-element elementor-element-5726bc8 elementor-position-top elementor-position-below elementor-vertical-align-top elementor-widget elementor-widget-image-box\" data-id=\"5726bc8\" data-element_type=\"widget\" data-e-type=\"widget\" data-widget_type=\"image-box.default\">\n\t\t\t\t<div class=\"elementor-widget-container\">\n\t\t\t\t\t<div class=\"elementor-image-box-wrapper\"><div class=\"elementor-image-box-content\"><div class=\"icon\"><\/div><div class=\"elementor-image-box-sub-title\">Restaurante en Baqueira<\/div><\/div><\/div>\t\t\t\t<\/div>\n\t\t\t\t<\/div>\n\t\t\t\t<div class=\"elementor-element elementor-element-b62c675 show-button-link-yes elementor-position-top elementor-position-below elementor-vertical-align-top elementor-widget elementor-widget-image-box\" data-id=\"b62c675\" data-element_type=\"widget\" data-e-type=\"widget\" data-widget_type=\"image-box.default\">\n\t\t\t\t<div class=\"elementor-widget-container\">\n\t\t\t\t\t<div class=\"elementor-image-box-wrapper\"><div class=\"elementor-image-box-content\"><div class=\"icon\"><\/div><p class=\"elementor-image-box-description\">Come, brinda y disfruta <br\/>\n a pie de pistas<\/p><div class=\"elementor-image-box-button-wrapper\"><a href=\"https:\/\/carta.avocaty.io\/blancbaqueira\" class=\"elementor-image-box-button\"><span class=\"elementor-image-box-button-text\"> Ver Carta<\/span><\/a><\/div><\/div><\/div>\t\t\t\t<\/div>\n\t\t\t\t<\/div>\n\t\t\t\t\t<\/div>\n\t\t<\/div>\n\t\t\t\t\t<\/div>\n\t\t<\/div>\n\t\t<div class=\"elementor-element elementor-element-0e9ded5 e-flex e-con-boxed e-con e-parent\" data-id=\"0e9ded5\" data-element_type=\"container\" data-e-type=\"container\">\n\t\t\t\t\t<div class=\"e-con-inner\">\n\t\t\t\t<div class=\"elementor-element elementor-element-7da6eac elementor-widget elementor-widget-spacer\" data-id=\"7da6eac\" data-element_type=\"widget\" data-e-type=\"widget\" data-widget_type=\"spacer.default\">\n\t\t\t\t<div class=\"elementor-widget-container\">\n\t\t\t\t\t\t\t<div class=\"elementor-spacer\">\n\t\t\t<div class=\"elementor-spacer-inner\"><\/div>\n\t\t<\/div>\n\t\t\t\t\t\t<\/div>\n\t\t\t\t<\/div>\n\t\t\t\t<div class=\"elementor-element elementor-element-909a449 elementor-widget elementor-widget-heading\" data-id=\"909a449\" data-element_type=\"widget\" data-e-type=\"widget\" data-widget_type=\"heading.default\">\n\t\t\t\t<div class=\"elementor-widget-container\">\n\t\t\t\t\t<h2 class=\"elementor-heading-title elementor-size-default\">Pol\u00edtica de Privacidad<\/h2>\t\t\t\t<\/div>\n\t\t\t\t<\/div>\n\t\t\t\t<div class=\"elementor-element elementor-element-074afa5 elementor-widget elementor-widget-text-editor\" data-id=\"074afa5\" data-element_type=\"widget\" data-e-type=\"widget\" data-widget_type=\"text-editor.default\">\n\t\t\t\t<div class=\"elementor-widget-container\">\n\t\t\t\t\t\t\t\t\t<p>De conformidad con el\u00a0<strong>Reglamento (UE) 2016\/679, de 27 de abril de 2016, relativo a la protecci\u00f3n de las personas f\u00edsicas en lo que respecta al tratamiento de datos personales y a la libre circulaci\u00f3n de estos datos<\/strong>\u00a0y la normativa de Protecci\u00f3n de Datos que corresponda, HOTEL TUC BLANC (ESQUIA, S.A.) informa a los Usuarios:<\/p>\n<h4><strong>Informaci\u00f3n b\u00e1sica sobre Protecci\u00f3n de Datos<\/strong><\/h4>\n<p><strong>Responsable:<\/strong><\/p>\n<h6><strong>HOTEL TUC BLANC (ESQUIA, S.A.)<\/strong><br \/><strong>NIF: A43028786<\/strong><br \/><strong>Direcci\u00f3n: Ctra. Bonaigua s\/n, 25598 Baqueira (Lleida)<\/strong><\/h6>\n<p>\u00a0<\/p>\n<p><strong>Finalidad:<\/strong><\/p>\n<ul>\n<li>Gestionar los datos a los que la empresa accede como consecuencia de la navegaci\u00f3n y\/o consulta.<\/li>\n<li>Gestionar su solicitud de presupuesto o cualquier otra petici\u00f3n.<\/li>\n<li>Gestionar su reserva al Hotel y, en este caso, proporcionarle un descuento en su pr\u00f3xima reserva.<\/li>\n<li>Enviarle comunicaciones comerciales y publicitarias relacionadas con la entidad, solo en caso de aceptaci\u00f3n.<\/li>\n<\/ul>\n<p><strong>Legitimaci\u00f3n:<\/strong><br \/>Consentimiento del interesado.<\/p>\n<p><strong>Destinatarios:<\/strong><br \/>Los datos ser\u00e1n cedidos al Hotel Bernat II (VALOM, S.L.), Hotel C\u00e9sar Augustus (COLVA 2001, S.L.) y Hotel Augustus (CENTUR, S.L.) y por obligaci\u00f3n legal o autorizaci\u00f3n expresa.<\/p>\n<p><strong>Derechos:<br \/><\/strong><\/p>\n<ul>\n<li>Acceder, rectificar, oponerse y suprimir los datos.<\/li>\n<li>Otros derechos como la limitaci\u00f3n del tratamiento y el derecho a la portabilidad de los datos, tal como determina la normativa vigente en protecci\u00f3n de datos.<\/li>\n<li>Para ejercerlos, dir\u00edjase por escrito, acompa\u00f1ando fotocopia de DNI, al domicilio de la entidad.<\/li>\n<li>El consentimiento puede ser revocado en cualquier momento.<\/li>\n<li>El interesado tambi\u00e9n podr\u00e1 presentar una reclamaci\u00f3n frente a la Agencia<\/li>\n<li>Espa\u00f1ola de Protecci\u00f3n de Datos en caso de incumplimiento por parte de la empresa.<\/li>\n<\/ul>\n<p><strong>Conservaci\u00f3n:<\/strong><br \/>Los datos ser\u00e1n conservados durante el tiempo necesario para dar cumplimiento a las finalidades por las cuales han sido recogidos.<br \/>Antes del env\u00edo de cualquier solicitud de informaci\u00f3n a trav\u00e9s de los formularios de contacto de esta p\u00e1gina web, el usuario debe aceptar la pol\u00edtica de privacidad de la misma,<u>con el fin de prestar el consentimiento expreso e informado por el tratamiento de los datos con las finalidades indicadas<\/u>.<\/p>\n<h4>\u00bfEs obligatorio proporcionar toda la informaci\u00f3n solicitada en el apartado de contacto?<\/h4>\n<p>En relaci\u00f3n a los formularios de la p\u00e1gina web, el Usuario tiene que completar los marcados como \u201cobligatorios\u201d. No completar los datos personales requeridos o hacerlo parcialmente puede suponer que HOTEL TUC BLANC (ESQUIA, S.A.) no pueda atender sus solicitudes y, en consecuencia, HOTEL TUC BLANC (ESQUIA, S.A.) quedar\u00e1 exonerada de toda responsabilidad por la no prestaci\u00f3n o la prestaci\u00f3n incompleta de los servicios solicitados.<\/p>\n<p>Los datos personales que el Usuario facilita a HOTEL TUC BLANC (ESQUIA, S.A.) tienen que ser actuales para que la informaci\u00f3n de los registros est\u00e9 actualiza y sin errores. El Usuario responder\u00e1 de la veracidad de los datos facilitados.<\/p>\n<h4>\u00bfQu\u00e9 medidas de seguridad tiene implantada la empresa?<\/h4>\n<p>HOTEL TUC BLANC (ESQUIA, S.A.) informa que tiene implantadas las medidas de seguridad de \u00edndole t\u00e9cnica y organizativas necesarias que garanticen la seguridad de los datos de car\u00e1cter personal del Usuario y eviten su alteraci\u00f3n, p\u00e9rdida, tratamiento y\/o acceso no autorizado de acuerdo con el estado de la tecnolog\u00eda, la naturaleza de los datos almacenados y los riesgos a los que est\u00e1n expuestos, ya provengan de la acci\u00f3n humana o del medio f\u00edsico o natural, en conformidad con el que prev\u00e9 la normativa vigente.<\/p>\n\t\t\t\t\t\t\t\t<\/div>\n\t\t\t\t<\/div>\n\t\t\t\t<div class=\"elementor-element elementor-element-a770af4 elementor-widget elementor-widget-spacer\" data-id=\"a770af4\" data-element_type=\"widget\" data-e-type=\"widget\" data-widget_type=\"spacer.default\">\n\t\t\t\t<div class=\"elementor-widget-container\">\n\t\t\t\t\t\t\t<div class=\"elementor-spacer\">\n\t\t\t<div class=\"elementor-spacer-inner\"><\/div>\n\t\t<\/div>\n\t\t\t\t\t\t<\/div>\n\t\t\t\t<\/div>\n\t\t\t\t\t<\/div>\n\t\t\t\t<\/div>\n\t\t\t\t<\/div>\n\t\t","protected":false},"excerpt":{"rendered":"<p>Restaurant in Baqueira Come, brinda y disfruta a pie de pistas Ver Carta Restaurante en Baqueira Come, brinda y disfruta a pie de pistas Ver Carta Pol\u00edtica de Privacidad De conformidad con el\u00a0Reglamento (UE) 2016\/679, de 27 de abril de 2016, relativo a la protecci\u00f3n de las personas f\u00edsicas en lo que respecta al tratamiento [&hellip;]<\/p>\n","protected":false},"author":1,"featured_media":0,"parent":0,"menu_order":0,"comment_status":"closed","ping_status":"closed","template":"template-homepage.php","meta":{"inline_featured_image":false,"footnotes":""},"class_list":["post-6808","page","type-page","status-publish","hentry"],"yoast_head":"<!-- This site is optimized with the Yoast SEO plugin v26.8 - https:\/\/yoast.com\/product\/yoast-seo-wordpress\/ -->\n<title>Privacy Policy - Blanc<\/title>\n<meta name=\"robots\" content=\"index, follow, max-snippet:-1, max-image-preview:large, max-video-preview:-1\" \/>\n<link rel=\"canonical\" href=\"https:\/\/www.blancbaqueira.com\/en\/politica-de-privacidad-2\/\" \/>\n<meta property=\"og:locale\" content=\"en_US\" \/>\n<meta property=\"og:type\" content=\"article\" \/>\n<meta property=\"og:title\" content=\"Privacy Policy - Blanc\" \/>\n<meta property=\"og:description\" content=\"Restaurant in Baqueira Come, brinda y disfruta a pie de pistas Ver Carta Restaurante en Baqueira Come, brinda y disfruta a pie de pistas Ver Carta Pol\u00edtica de Privacidad De conformidad con el\u00a0Reglamento (UE) 2016\/679, de 27 de abril de 2016, relativo a la protecci\u00f3n de las personas f\u00edsicas en lo que respecta al tratamiento [&hellip;]\" \/>\n<meta property=\"og:url\" content=\"https:\/\/www.blancbaqueira.com\/en\/politica-de-privacidad-2\/\" \/>\n<meta property=\"og:site_name\" content=\"Blanc\" \/>\n<meta property=\"article:modified_time\" content=\"2024-12-03T16:02:38+00:00\" \/>\n<meta name=\"twitter:card\" content=\"summary_large_image\" \/>\n<meta name=\"twitter:label1\" content=\"Est. reading time\" \/>\n\t<meta name=\"twitter:data1\" content=\"3 minutes\" \/>\n<script type=\"application\/ld+json\" class=\"yoast-schema-graph\">{\"@context\":\"https:\/\/schema.org\",\"@graph\":[{\"@type\":\"WebPage\",\"@id\":\"https:\/\/www.blancbaqueira.com\/en\/politica-de-privacidad-2\/\",\"url\":\"https:\/\/www.blancbaqueira.com\/en\/politica-de-privacidad-2\/\",\"name\":\"Privacy Policy - Blanc\",\"isPartOf\":{\"@id\":\"https:\/\/www.blancbaqueira.com\/#website\"},\"datePublished\":\"2024-12-03T08:33:33+00:00\",\"dateModified\":\"2024-12-03T16:02:38+00:00\",\"breadcrumb\":{\"@id\":\"https:\/\/www.blancbaqueira.com\/en\/politica-de-privacidad-2\/#breadcrumb\"},\"inLanguage\":\"en-US\",\"potentialAction\":[{\"@type\":\"ReadAction\",\"target\":[\"https:\/\/www.blancbaqueira.com\/en\/politica-de-privacidad-2\/\"]}]},{\"@type\":\"BreadcrumbList\",\"@id\":\"https:\/\/www.blancbaqueira.com\/en\/politica-de-privacidad-2\/#breadcrumb\",\"itemListElement\":[{\"@type\":\"ListItem\",\"position\":1,\"name\":\"Portada\",\"item\":\"https:\/\/www.blancbaqueira.com\/en\/home-1\/\"},{\"@type\":\"ListItem\",\"position\":2,\"name\":\"Privacy Policy\"}]},{\"@type\":\"WebSite\",\"@id\":\"https:\/\/www.blancbaqueira.com\/#website\",\"url\":\"https:\/\/www.blancbaqueira.com\/\",\"name\":\"Blanc\",\"description\":\"Restaurant in Baqueira\",\"publisher\":{\"@id\":\"https:\/\/www.blancbaqueira.com\/#organization\"},\"potentialAction\":[{\"@type\":\"SearchAction\",\"target\":{\"@type\":\"EntryPoint\",\"urlTemplate\":\"https:\/\/www.blancbaqueira.com\/?s={search_term_string}\"},\"query-input\":{\"@type\":\"PropertyValueSpecification\",\"valueRequired\":true,\"valueName\":\"search_term_string\"}}],\"inLanguage\":\"en-US\"},{\"@type\":\"Organization\",\"@id\":\"https:\/\/www.blancbaqueira.com\/#organization\",\"name\":\"Blanc\",\"url\":\"https:\/\/www.blancbaqueira.com\/\",\"logo\":{\"@type\":\"ImageObject\",\"inLanguage\":\"en-US\",\"@id\":\"https:\/\/www.blancbaqueira.com\/#\/schema\/logo\/image\/\",\"url\":\"https:\/\/www.blancbaqueira.com\/wp-content\/uploads\/2024\/11\/home2.png\",\"contentUrl\":\"https:\/\/www.blancbaqueira.com\/wp-content\/uploads\/2024\/11\/home2.png\",\"width\":627,\"height\":115,\"caption\":\"Blanc\"},\"image\":{\"@id\":\"https:\/\/www.blancbaqueira.com\/#\/schema\/logo\/image\/\"}}]}<\/script>\n<!-- \/ Yoast SEO plugin. -->","yoast_head_json":{"title":"Privacy Policy - Blanc","robots":{"index":"index","follow":"follow","max-snippet":"max-snippet:-1","max-image-preview":"max-image-preview:large","max-video-preview":"max-video-preview:-1"},"canonical":"https:\/\/www.blancbaqueira.com\/en\/politica-de-privacidad-2\/","og_locale":"en_US","og_type":"article","og_title":"Privacy Policy - Blanc","og_description":"Restaurant in Baqueira Come, brinda y disfruta a pie de pistas Ver Carta Restaurante en Baqueira Come, brinda y disfruta a pie de pistas Ver Carta Pol\u00edtica de Privacidad De conformidad con el\u00a0Reglamento (UE) 2016\/679, de 27 de abril de 2016, relativo a la protecci\u00f3n de las personas f\u00edsicas en lo que respecta al tratamiento [&hellip;]","og_url":"https:\/\/www.blancbaqueira.com\/en\/politica-de-privacidad-2\/","og_site_name":"Blanc","article_modified_time":"2024-12-03T16:02:38+00:00","twitter_card":"summary_large_image","twitter_misc":{"Est. reading time":"3 minutes"},"schema":{"@context":"https:\/\/schema.org","@graph":[{"@type":"WebPage","@id":"https:\/\/www.blancbaqueira.com\/en\/politica-de-privacidad-2\/","url":"https:\/\/www.blancbaqueira.com\/en\/politica-de-privacidad-2\/","name":"Privacy Policy - Blanc","isPartOf":{"@id":"https:\/\/www.blancbaqueira.com\/#website"},"datePublished":"2024-12-03T08:33:33+00:00","dateModified":"2024-12-03T16:02:38+00:00","breadcrumb":{"@id":"https:\/\/www.blancbaqueira.com\/en\/politica-de-privacidad-2\/#breadcrumb"},"inLanguage":"en-US","potentialAction":[{"@type":"ReadAction","target":["https:\/\/www.blancbaqueira.com\/en\/politica-de-privacidad-2\/"]}]},{"@type":"BreadcrumbList","@id":"https:\/\/www.blancbaqueira.com\/en\/politica-de-privacidad-2\/#breadcrumb","itemListElement":[{"@type":"ListItem","position":1,"name":"Portada","item":"https:\/\/www.blancbaqueira.com\/en\/home-1\/"},{"@type":"ListItem","position":2,"name":"Privacy Policy"}]},{"@type":"WebSite","@id":"https:\/\/www.blancbaqueira.com\/#website","url":"https:\/\/www.blancbaqueira.com\/","name":"Blanc","description":"Restaurant in Baqueira","publisher":{"@id":"https:\/\/www.blancbaqueira.com\/#organization"},"potentialAction":[{"@type":"SearchAction","target":{"@type":"EntryPoint","urlTemplate":"https:\/\/www.blancbaqueira.com\/?s={search_term_string}"},"query-input":{"@type":"PropertyValueSpecification","valueRequired":true,"valueName":"search_term_string"}}],"inLanguage":"en-US"},{"@type":"Organization","@id":"https:\/\/www.blancbaqueira.com\/#organization","name":"Blanc","url":"https:\/\/www.blancbaqueira.com\/","logo":{"@type":"ImageObject","inLanguage":"en-US","@id":"https:\/\/www.blancbaqueira.com\/#\/schema\/logo\/image\/","url":"https:\/\/www.blancbaqueira.com\/wp-content\/uploads\/2024\/11\/home2.png","contentUrl":"https:\/\/www.blancbaqueira.com\/wp-content\/uploads\/2024\/11\/home2.png","width":627,"height":115,"caption":"Blanc"},"image":{"@id":"https:\/\/www.blancbaqueira.com\/#\/schema\/logo\/image\/"}}]}},"_links":{"self":[{"href":"https:\/\/www.blancbaqueira.com\/en\/wp-json\/wp\/v2\/pages\/6808","targetHints":{"allow":["GET"]}}],"collection":[{"href":"https:\/\/www.blancbaqueira.com\/en\/wp-json\/wp\/v2\/pages"}],"about":[{"href":"https:\/\/www.blancbaqueira.com\/en\/wp-json\/wp\/v2\/types\/page"}],"author":[{"embeddable":true,"href":"https:\/\/www.blancbaqueira.com\/en\/wp-json\/wp\/v2\/users\/1"}],"replies":[{"embeddable":true,"href":"https:\/\/www.blancbaqueira.com\/en\/wp-json\/wp\/v2\/comments?post=6808"}],"version-history":[{"count":14,"href":"https:\/\/www.blancbaqueira.com\/en\/wp-json\/wp\/v2\/pages\/6808\/revisions"}],"predecessor-version":[{"id":6918,"href":"https:\/\/www.blancbaqueira.com\/en\/wp-json\/wp\/v2\/pages\/6808\/revisions\/6918"}],"wp:attachment":[{"href":"https:\/\/www.blancbaqueira.com\/en\/wp-json\/wp\/v2\/media?parent=6808"}],"curies":[{"name":"wp","href":"https:\/\/api.w.org\/{rel}","templated":true}]}}