{"id":6800,"date":"2024-12-03T07:38:04","date_gmt":"2024-12-03T07:38:04","guid":{"rendered":"https:\/\/www.blancbaqueira.com\/legal-notice\/"},"modified":"2024-12-03T16:02:28","modified_gmt":"2024-12-03T16:02:28","slug":"legal-notice","status":"publish","type":"page","link":"https:\/\/www.blancbaqueira.com\/en\/legal-notice\/","title":{"rendered":"Legal Notice"},"content":{"rendered":"\t\t<div data-elementor-type=\"wp-page\" data-elementor-id=\"6800\" class=\"elementor elementor-6800 elementor-6746\" data-elementor-post-type=\"page\">\n\t\t\t\t\t\t<div class=\"elementor-section elementor-top-section elementor-element elementor-element-4abf43c elementor-section-stretched elementor-section-height-min-height elementor-hidden-mobile_extra elementor-hidden-mobile elementor-section-boxed elementor-section-height-default elementor-section-items-middle\" data-id=\"4abf43c\" data-element_type=\"section\" data-e-type=\"section\" data-settings=\"{&quot;stretch_section&quot;:&quot;section-stretched&quot;,&quot;background_background&quot;:&quot;classic&quot;}\">\n\t\t\t\t\t\t\t<div class=\"elementor-background-overlay\"><\/div>\n\t\t\t\t\t\t\t<div class=\"elementor-container elementor-column-gap-no\">\n\t\t\t\t\t<div class=\"elementor-column elementor-col-100 elementor-top-column elementor-element elementor-element-5dcc40c\" data-id=\"5dcc40c\" data-element_type=\"column\" data-e-type=\"column\" data-settings=\"{&quot;background_background&quot;:&quot;classic&quot;}\">\n\t\t\t<div class=\"elementor-widget-wrap elementor-element-populated\">\n\t\t\t\t\t\t<div class=\"elementor-element elementor-element-9ceaacd elementor-widget elementor-widget-heading\" data-id=\"9ceaacd\" data-element_type=\"widget\" data-e-type=\"widget\" data-widget_type=\"heading.default\">\n\t\t\t\t<div class=\"elementor-widget-container\">\n\t\t\t\t\t<h1 class=\"elementor-heading-title elementor-size-default\">Restaurant in Baqueira<\/h1>\t\t\t\t<\/div>\n\t\t\t\t<\/div>\n\t\t\t\t<div class=\"elementor-element elementor-element-bd740f3 show-button-link-yes elementor-position-top elementor-position-below elementor-vertical-align-top elementor-widget elementor-widget-image-box\" data-id=\"bd740f3\" data-element_type=\"widget\" data-e-type=\"widget\" data-widget_type=\"image-box.default\">\n\t\t\t\t<div class=\"elementor-widget-container\">\n\t\t\t\t\t<div class=\"elementor-image-box-wrapper\"><div class=\"elementor-image-box-content\"><div class=\"icon\"><\/div><p class=\"elementor-image-box-description\">Eat, toast, and enjoy <br>at our slope-side location<\/p><div class=\"elementor-image-box-button-wrapper\"><a href=\"https:\/\/carta.avocaty.io\/blancbaqueira\" class=\"elementor-image-box-button\"><span class=\"elementor-image-box-button-text\"> Ver Carta<\/span><\/a><\/div><\/div><\/div>\t\t\t\t<\/div>\n\t\t\t\t<\/div>\n\t\t\t\t\t<\/div>\n\t\t<\/div>\n\t\t\t\t\t<\/div>\n\t\t<\/div>\n\t\t\t\t<div class=\"elementor-section elementor-top-section elementor-element elementor-element-6e1a456 elementor-section-stretched elementor-section-height-min-height elementor-hidden-desktop elementor-hidden-laptop elementor-hidden-tablet_extra elementor-hidden-tablet elementor-section-boxed elementor-section-height-default elementor-section-items-middle\" data-id=\"6e1a456\" data-element_type=\"section\" data-e-type=\"section\" data-settings=\"{&quot;stretch_section&quot;:&quot;section-stretched&quot;,&quot;background_background&quot;:&quot;classic&quot;}\">\n\t\t\t\t\t\t\t<div class=\"elementor-background-overlay\"><\/div>\n\t\t\t\t\t\t\t<div class=\"elementor-container elementor-column-gap-no\">\n\t\t\t\t\t<div class=\"elementor-column elementor-col-100 elementor-top-column elementor-element elementor-element-2e0004e\" data-id=\"2e0004e\" data-element_type=\"column\" data-e-type=\"column\" data-settings=\"{&quot;background_background&quot;:&quot;classic&quot;}\">\n\t\t\t<div class=\"elementor-widget-wrap elementor-element-populated\">\n\t\t\t\t\t\t<div class=\"elementor-element elementor-element-5726bc8 elementor-position-top elementor-position-below elementor-vertical-align-top elementor-widget elementor-widget-image-box\" data-id=\"5726bc8\" data-element_type=\"widget\" data-e-type=\"widget\" data-widget_type=\"image-box.default\">\n\t\t\t\t<div class=\"elementor-widget-container\">\n\t\t\t\t\t<div class=\"elementor-image-box-wrapper\"><div class=\"elementor-image-box-content\"><div class=\"icon\"><\/div><div class=\"elementor-image-box-sub-title\">Restaurante en Baqueira<\/div><\/div><\/div>\t\t\t\t<\/div>\n\t\t\t\t<\/div>\n\t\t\t\t<div class=\"elementor-element elementor-element-b62c675 show-button-link-yes elementor-position-top elementor-position-below elementor-vertical-align-top elementor-widget elementor-widget-image-box\" data-id=\"b62c675\" data-element_type=\"widget\" data-e-type=\"widget\" data-widget_type=\"image-box.default\">\n\t\t\t\t<div class=\"elementor-widget-container\">\n\t\t\t\t\t<div class=\"elementor-image-box-wrapper\"><div class=\"elementor-image-box-content\"><div class=\"icon\"><\/div><p class=\"elementor-image-box-description\">Eat, toast, and enjoy <br>at our slope-side location<\/p><div class=\"elementor-image-box-button-wrapper\"><a href=\"https:\/\/carta.avocaty.io\/blancbaqueira\" class=\"elementor-image-box-button\"><span class=\"elementor-image-box-button-text\"> Ver Carta<\/span><\/a><\/div><\/div><\/div>\t\t\t\t<\/div>\n\t\t\t\t<\/div>\n\t\t\t\t\t<\/div>\n\t\t<\/div>\n\t\t\t\t\t<\/div>\n\t\t<\/div>\n\t\t<div class=\"elementor-element elementor-element-0e9ded5 e-flex e-con-boxed e-con e-parent\" data-id=\"0e9ded5\" data-element_type=\"container\" data-e-type=\"container\">\n\t\t\t\t\t<div class=\"e-con-inner\">\n\t\t\t\t<div class=\"elementor-element elementor-element-7da6eac elementor-widget elementor-widget-spacer\" data-id=\"7da6eac\" data-element_type=\"widget\" data-e-type=\"widget\" data-widget_type=\"spacer.default\">\n\t\t\t\t<div class=\"elementor-widget-container\">\n\t\t\t\t\t\t\t<div class=\"elementor-spacer\">\n\t\t\t<div class=\"elementor-spacer-inner\"><\/div>\n\t\t<\/div>\n\t\t\t\t\t\t<\/div>\n\t\t\t\t<\/div>\n\t\t\t\t<div class=\"elementor-element elementor-element-909a449 elementor-widget elementor-widget-heading\" data-id=\"909a449\" data-element_type=\"widget\" data-e-type=\"widget\" data-widget_type=\"heading.default\">\n\t\t\t\t<div class=\"elementor-widget-container\">\n\t\t\t\t\t<h2 class=\"elementor-heading-title elementor-size-default\">Avis L\u00e9gal<\/h2>\t\t\t\t<\/div>\n\t\t\t\t<\/div>\n\t\t\t\t<div class=\"elementor-element elementor-element-074afa5 elementor-widget elementor-widget-text-editor\" data-id=\"074afa5\" data-element_type=\"widget\" data-e-type=\"widget\" data-widget_type=\"text-editor.default\">\n\t\t\t\t<div class=\"elementor-widget-container\">\n\t\t\t\t\t\t\t\t\t<p><span style=\"font-weight: 400;\">En conformit\u00e9 avec la Loi 34\/2002 du 11 juillet, sur les Services de la Soci\u00e9t\u00e9 de l&#8217;Information et le Commerce \u00c9lectronique, l&#8217;utilisateur est inform\u00e9 que le titulaire du site web<\/span><a href=\"http:\/\/www.hoteltucblancbaqueira.com\"> <span style=\"font-weight: 400;\">http:\/\/www.hoteltucblancbaqueira.com<\/span><\/a><span style=\"font-weight: 400;\"> est la soci\u00e9t\u00e9 ESQUIA, S.A., et que ses coordonn\u00e9es d&#8217;identification sont les suivantes :<\/span><\/p>\n<p><span style=\"font-weight: 400;\">Domicile social : Ctra. Bonaigua s\/n<\/span><span style=\"font-weight: 400;\"><br \/><\/span><span style=\"font-weight: 400;\">CP : 25598 Ville : Baqueira Province : Lleida<\/span><span style=\"font-weight: 400;\"><br \/><\/span><span style=\"font-weight: 400;\">CIF : A43028786<\/span><span style=\"font-weight: 400;\"><br \/><\/span><span style=\"font-weight: 400;\">Courriel : direccion@hoteltucblanc.com<\/span><span style=\"font-weight: 400;\"><br \/><\/span><span style=\"font-weight: 400;\">Donn\u00e9es d&#8217;enregistrement : la soci\u00e9t\u00e9 est inscrite au Registre du Commerce de Tarragone, au Tome 141, livre 82, de la section 3e, folio 50 et page num\u00e9ro 3012.<\/span><\/p>\n<ol>\n<li style=\"font-weight: 400;\" aria-level=\"1\"><b>ACC\u00c8S AU SITE WEB<\/b><b><br \/><\/b><span style=\"font-weight: 400;\">L&#8217;Avis L\u00e9gal r\u00e9git l&#8217;acc\u00e8s et l&#8217;utilisation par les utilisateurs du site web et vise \u00e0 faire conna\u00eetre les services et produits de l&#8217;entit\u00e9 et \u00e0 permettre l&#8217;acc\u00e8s g\u00e9n\u00e9ral \u00e0 tous les utilisateurs d&#8217;Internet.<\/span><\/li>\n<\/ol>\n<p><span style=\"font-weight: 400;\">L&#8217;acc\u00e8s et\/ou l&#8217;utilisation du Site Web conf\u00e8re \u00e0 celui qui l&#8217;effectue la condition d&#8217;Utilisateur et implique l&#8217;acceptation, sans aucune r\u00e9serve, de toutes les pr\u00e9sentes conditions g\u00e9n\u00e9rales, ainsi que celles particuli\u00e8res, le cas \u00e9ch\u00e9ant, qui r\u00e9gissent l&#8217;utilisation du Portail ou des services qui y sont li\u00e9s.<\/span><\/p>\n<p><span style=\"font-weight: 400;\">L&#8217;utilisateur doit lire attentivement l&#8217;Avis L\u00e9gal ainsi que les Politiques de Confidentialit\u00e9 et de Cookies lors de l&#8217;utilisation du Site Web, car ESQUIA, S.A. se r\u00e9serve le droit de modifier ou mettre \u00e0 jour \u00e0 tout moment, sans pr\u00e9avis, les contenus et services, les dispositions d&#8217;acc\u00e8s et d&#8217;utilisation et, en g\u00e9n\u00e9ral, tout \u00e9l\u00e9ment constituant la conception et la configuration de son Site. Si vous n&#8217;acceptez pas les conditions d&#8217;acc\u00e8s et d&#8217;utilisation, veuillez vous abstenir d&#8217;utiliser le Site Web et son contenu.<\/span><\/p>\n<ol>\n<li style=\"font-weight: 400;\" aria-level=\"1\"><b>UTILISATION DU SITE WEB<\/b><b><br \/><\/b><span style=\"font-weight: 400;\">L&#8217;Utilisateur s&#8217;engage \u00e0 utiliser de mani\u00e8re diligente le Site Web ainsi que les informations relatives \u00e0 ses services et\/ou activit\u00e9s, conform\u00e9ment \u00e0 la l\u00e9gislation applicable, \u00e0 la morale et aux bonnes m\u0153urs g\u00e9n\u00e9ralement accept\u00e9es, \u00e0 l&#8217;ordre public, aux conditions d&#8217;acc\u00e8s et d&#8217;utilisation et \u00e0 toute autre condition \u00e9tablie sur le Site Web.<\/span><\/li>\n<\/ol>\n<p><span style=\"font-weight: 400;\">Il s&#8217;engage \u00e9galement \u00e0 s&#8217;abstenir d&#8217;utiliser tout contenu \u00e0 des fins ou effets illicites, interdits dans le pr\u00e9sent texte, pr\u00e9judiciables aux droits et int\u00e9r\u00eats de tiers, ou qui pourraient de quelque mani\u00e8re endommager, d\u00e9sactiver, surcharger, d\u00e9t\u00e9riorer ou emp\u00eacher l&#8217;utilisation normale des contenus, des autres utilisateurs ou de tout utilisateur d&#8217;Internet (mat\u00e9riel et logiciel).<\/span><\/p>\n<ol>\n<li style=\"font-weight: 400;\" aria-level=\"1\"><b>FONCTIONNEMENT DU SITE WEB<\/b><b><br \/><\/b><span style=\"font-weight: 400;\">En cas de non-respect des conditions de l&#8217;Avis L\u00e9gal ou des Politiques de Confidentialit\u00e9 et de Cookies, ESQUIA, S.A. se r\u00e9serve le droit de limiter, suspendre et\/ou exclure l&#8217;acc\u00e8s \u00e0 son Site Web, en adoptant toute mesure technique n\u00e9cessaire \u00e0 cet \u00e9gard. ESQUIA, S.A. fera de son mieux pour maintenir le Site Web en bon \u00e9tat de fonctionnement, \u00e9viter les erreurs, les corriger et tenir les contenus \u00e0 jour. Cependant, ESQUIA, S.A. ne garantit pas la disponibilit\u00e9 et la continuit\u00e9 de l&#8217;acc\u00e8s au Site Web ni l&#8217;absence d&#8217;erreurs dans le contenu.<\/span><\/li>\n<li style=\"font-weight: 400;\" aria-level=\"1\"><b>RESPONSABILIT\u00c9 :<\/b><b><br \/><\/b><span style=\"font-weight: 400;\">L&#8217;Utilisateur est seul responsable de l&#8217;utilisation qu&#8217;il pourrait faire de toute information ou m\u00e9canisme du Site Web.<\/span><\/li>\n<\/ol>\n<p><span style=\"font-weight: 400;\">ESQUIA, S.A. ne sera pas tenue responsable des dommages caus\u00e9s au mat\u00e9riel et\/ou au logiciel de l&#8217;Utilisateur r\u00e9sultant de l&#8217;acc\u00e8s et de l&#8217;utilisation du Site Web. De m\u00eame, ESQUIA, S.A. ne sera pas responsable des dommages et\/ou pr\u00e9judices qui pourraient \u00eatre caus\u00e9s par l&#8217;acc\u00e8s et\/ou l&#8217;utilisation des informations du Site Web, et en particulier de ceux qui pourraient survenir dans les syst\u00e8mes informatiques ou \u00eatre provoqu\u00e9s par des virus, des attaques informatiques, des pannes, des interruptions, des absences ou des d\u00e9fauts dans les communications et\/ou sur Internet.<\/span><\/p>\n<p><span style=\"font-weight: 400;\">L&#8217;Utilisateur sera responsable des dommages et\/ou pr\u00e9judices que ESQUIA, S.A. pourrait subir en raison du non-respect de l&#8217;une quelconque des obligations auxquelles il est soumis en vertu du pr\u00e9sent Avis L\u00e9gal, de la r\u00e9glementation applicable et des Politiques de Confidentialit\u00e9 et de Cookies.<\/span><\/p>\n<ol>\n<li style=\"font-weight: 400;\" aria-level=\"1\"><b>POLITIQUE RELATIVE AUX &#8220;LIENS&#8221; (LIEN ENTRANT ET LIEN SORTANT) :<\/b><b><br \/><\/b><span style=\"font-weight: 400;\">a) <\/span><b>Lien entrant :<\/b><b><br \/><\/b><span style=\"font-weight: 400;\">Les tiers qui souhaitent inclure sur un site web un lien vers le pr\u00e9sent site web devront respecter la l\u00e9gislation en vigueur et ne pourront pas h\u00e9berger de contenus inappropri\u00e9s, illicites, pornographiques, violents, etc.<\/span><\/li>\n<\/ol>\n<p><span style=\"font-weight: 400;\">En aucun cas ESQUIA, S.A. ne sera tenue responsable du contenu du site web tiers, ni ne cautionnera, garantira, supervisera ou recommandera ses contenus.<\/span><\/p>\n<p><span style=\"font-weight: 400;\">Si le site web tiers enfreint l&#8217;un des points mentionn\u00e9s ci-dessus, il devra imm\u00e9diatement supprimer le lien.<\/span><\/p>\n<ol>\n<li><span style=\"font-weight: 400;\">b) <\/span><b>Lien sortant :<\/b><b><br \/><\/b><span style=\"font-weight: 400;\">Ce site web peut inclure des liens vers des sites web tiers permettant \u00e0 l&#8217;Utilisateur d&#8217;y acc\u00e9der. Cependant, ESQUIA, S.A. ne sera pas responsable du contenu de ces sites web tiers ; l&#8217;Utilisateur devra accepter et v\u00e9rifier les conditions chaque fois qu&#8217;il y acc\u00e8de.<\/span><\/li>\n<\/ol>\n<p><span style=\"font-weight: 400;\">Ces liens ou mentions sont destin\u00e9s uniquement \u00e0 des fins informatives et n&#8217;impliquent pas une approbation, une recommandation ou une relation quelconque entre ce site web et les propri\u00e9taires des sites o\u00f9 ces liens se trouvent.<\/span><\/p>\n<ol>\n<li style=\"font-weight: 400;\" aria-level=\"1\"><b>PROPRI\u00c9T\u00c9 INTELLECTUELLE ET INDUSTRIELLE RELATIVE AUX CONTENUS :<\/b><b><br \/><\/b><span style=\"font-weight: 400;\">ESQUIA, S.A., ou ses licenci\u00e9s, sont propri\u00e9taires de tous les droits de propri\u00e9t\u00e9 intellectuelle relatifs aux Contenus du Site Web, y compris, mais sans s&#8217;y limiter, les designs, bases de donn\u00e9es, logiciels sous-jacents (y compris le code source), ainsi que les diff\u00e9rents \u00e9l\u00e9ments qui composent le Site Web (textes, graphiques, photographies, vid\u00e9os, couleurs, etc.), structure, ordre, etc. Les marques et noms commerciaux (&#8220;signes distinctifs&#8221;) appartiennent \u00e9galement \u00e0 ESQUIA, S.A. ou \u00e0 ses licenci\u00e9s.<\/span><\/li>\n<\/ol>\n<p><span style=\"font-weight: 400;\">L&#8217;utilisation du Site Web par l&#8217;Utilisateur ne conf\u00e8re aucun droit de propri\u00e9t\u00e9 intellectuelle ou industrielle. L&#8217;Utilisateur est strictement interdit de reproduire, copier, distribuer, rendre accessible ou autrement communiquer publiquement, transformer ou modifier les Contenus ou Signes Distinctifs, sauf avec l&#8217;autorisation pr\u00e9alable du titulaire des droits correspondants ou si cela est l\u00e9galement permis.<\/span><\/p>\n<ol>\n<li style=\"font-weight: 400;\" aria-level=\"1\"><b>PUBLICIT\u00c9 :<\/b><b><br \/><\/b><span style=\"font-weight: 400;\">Le Site Web peut h\u00e9berger des contenus publicitaires ou sponsoris\u00e9s. Les annonceurs ou sponsors sont seuls responsables de garantir que le mat\u00e9riel soumis pour inclusion sur le Site respecte les lois applicables.<\/span><\/li>\n<\/ol>\n<p><span style=\"font-weight: 400;\">ESQUIA, S.A. ne sera pas tenue responsable des erreurs, inexactitudes ou irr\u00e9gularit\u00e9s pouvant exister dans les contenus publicitaires ou sponsoris\u00e9s.<\/span><\/p>\n<ol>\n<li style=\"font-weight: 400;\" aria-level=\"1\"><b>L\u00c9GISLATION APPLICABLE :<\/b><b><br \/><\/b><span style=\"font-weight: 400;\">L&#8217;Avis L\u00e9gal sera r\u00e9gi et interpr\u00e9t\u00e9 conform\u00e9ment \u00e0 la l\u00e9gislation espagnole.<\/span><\/li>\n<\/ol>\n<p><span style=\"font-weight: 400;\">Pour la r\u00e9solution de tout conflit pouvant d\u00e9couler de l&#8217;acc\u00e8s au site web, les parties se soumettront aux tribunaux comp\u00e9tents conform\u00e9ment \u00e0 la r\u00e9glementation en mati\u00e8re de consommation et d&#8217;utilisateurs.<\/span><\/p>\n<p><b>CONTACT :<\/b><b><br \/><\/b><span style=\"font-weight: 400;\">Pour toute question ou commentaire concernant cet avis l\u00e9gal, vous pouvez nous contacter par e-mail \u00e0 l&#8217;adresse suivante : direccion@hoteltucblanc.com.<\/span><\/p>\n\t\t\t\t\t\t\t\t<\/div>\n\t\t\t\t<\/div>\n\t\t\t\t<div class=\"elementor-element elementor-element-a770af4 elementor-widget elementor-widget-spacer\" data-id=\"a770af4\" data-element_type=\"widget\" data-e-type=\"widget\" data-widget_type=\"spacer.default\">\n\t\t\t\t<div class=\"elementor-widget-container\">\n\t\t\t\t\t\t\t<div class=\"elementor-spacer\">\n\t\t\t<div class=\"elementor-spacer-inner\"><\/div>\n\t\t<\/div>\n\t\t\t\t\t\t<\/div>\n\t\t\t\t<\/div>\n\t\t\t\t\t<\/div>\n\t\t\t\t<\/div>\n\t\t\t\t<\/div>\n\t\t","protected":false},"excerpt":{"rendered":"<p>Restaurant in Baqueira Eat, toast, and enjoy at our slope-side location Ver Carta Restaurante en Baqueira Eat, toast, and enjoy at our slope-side location Ver Carta Avis L\u00e9gal En conformit\u00e9 avec la Loi 34\/2002 du 11 juillet, sur les Services de la Soci\u00e9t\u00e9 de l&#8217;Information et le Commerce \u00c9lectronique, l&#8217;utilisateur est inform\u00e9 que le titulaire [&hellip;]<\/p>\n","protected":false},"author":1,"featured_media":0,"parent":0,"menu_order":0,"comment_status":"closed","ping_status":"closed","template":"template-homepage.php","meta":{"inline_featured_image":false,"footnotes":""},"class_list":["post-6800","page","type-page","status-publish","hentry"],"yoast_head":"<!-- This site is optimized with the Yoast SEO plugin v26.8 - https:\/\/yoast.com\/product\/yoast-seo-wordpress\/ -->\n<title>Legal Notice - Blanc<\/title>\n<meta name=\"robots\" content=\"index, follow, max-snippet:-1, max-image-preview:large, max-video-preview:-1\" \/>\n<link rel=\"canonical\" href=\"https:\/\/www.blancbaqueira.com\/en\/legal-notice\/\" \/>\n<meta property=\"og:locale\" content=\"en_US\" \/>\n<meta property=\"og:type\" content=\"article\" \/>\n<meta property=\"og:title\" content=\"Legal Notice - Blanc\" \/>\n<meta property=\"og:description\" content=\"Restaurant in Baqueira Eat, toast, and enjoy at our slope-side location Ver Carta Restaurante en Baqueira Eat, toast, and enjoy at our slope-side location Ver Carta Avis L\u00e9gal En conformit\u00e9 avec la Loi 34\/2002 du 11 juillet, sur les Services de la Soci\u00e9t\u00e9 de l&#8217;Information et le Commerce \u00c9lectronique, l&#8217;utilisateur est inform\u00e9 que le titulaire [&hellip;]\" \/>\n<meta property=\"og:url\" content=\"https:\/\/www.blancbaqueira.com\/en\/legal-notice\/\" \/>\n<meta property=\"og:site_name\" content=\"Blanc\" \/>\n<meta property=\"article:modified_time\" content=\"2024-12-03T16:02:28+00:00\" \/>\n<meta name=\"twitter:card\" content=\"summary_large_image\" \/>\n<meta name=\"twitter:label1\" content=\"Est. reading time\" \/>\n\t<meta name=\"twitter:data1\" content=\"6 minutes\" \/>\n<script type=\"application\/ld+json\" class=\"yoast-schema-graph\">{\"@context\":\"https:\/\/schema.org\",\"@graph\":[{\"@type\":\"WebPage\",\"@id\":\"https:\/\/www.blancbaqueira.com\/en\/legal-notice\/\",\"url\":\"https:\/\/www.blancbaqueira.com\/en\/legal-notice\/\",\"name\":\"Legal Notice - Blanc\",\"isPartOf\":{\"@id\":\"https:\/\/www.blancbaqueira.com\/#website\"},\"datePublished\":\"2024-12-03T07:38:04+00:00\",\"dateModified\":\"2024-12-03T16:02:28+00:00\",\"breadcrumb\":{\"@id\":\"https:\/\/www.blancbaqueira.com\/en\/legal-notice\/#breadcrumb\"},\"inLanguage\":\"en-US\",\"potentialAction\":[{\"@type\":\"ReadAction\",\"target\":[\"https:\/\/www.blancbaqueira.com\/en\/legal-notice\/\"]}]},{\"@type\":\"BreadcrumbList\",\"@id\":\"https:\/\/www.blancbaqueira.com\/en\/legal-notice\/#breadcrumb\",\"itemListElement\":[{\"@type\":\"ListItem\",\"position\":1,\"name\":\"Portada\",\"item\":\"https:\/\/www.blancbaqueira.com\/en\/home-1\/\"},{\"@type\":\"ListItem\",\"position\":2,\"name\":\"Legal Notice\"}]},{\"@type\":\"WebSite\",\"@id\":\"https:\/\/www.blancbaqueira.com\/#website\",\"url\":\"https:\/\/www.blancbaqueira.com\/\",\"name\":\"Blanc\",\"description\":\"Restaurant in Baqueira\",\"publisher\":{\"@id\":\"https:\/\/www.blancbaqueira.com\/#organization\"},\"potentialAction\":[{\"@type\":\"SearchAction\",\"target\":{\"@type\":\"EntryPoint\",\"urlTemplate\":\"https:\/\/www.blancbaqueira.com\/?s={search_term_string}\"},\"query-input\":{\"@type\":\"PropertyValueSpecification\",\"valueRequired\":true,\"valueName\":\"search_term_string\"}}],\"inLanguage\":\"en-US\"},{\"@type\":\"Organization\",\"@id\":\"https:\/\/www.blancbaqueira.com\/#organization\",\"name\":\"Blanc\",\"url\":\"https:\/\/www.blancbaqueira.com\/\",\"logo\":{\"@type\":\"ImageObject\",\"inLanguage\":\"en-US\",\"@id\":\"https:\/\/www.blancbaqueira.com\/#\/schema\/logo\/image\/\",\"url\":\"https:\/\/www.blancbaqueira.com\/wp-content\/uploads\/2024\/11\/home2.png\",\"contentUrl\":\"https:\/\/www.blancbaqueira.com\/wp-content\/uploads\/2024\/11\/home2.png\",\"width\":627,\"height\":115,\"caption\":\"Blanc\"},\"image\":{\"@id\":\"https:\/\/www.blancbaqueira.com\/#\/schema\/logo\/image\/\"}}]}<\/script>\n<!-- \/ Yoast SEO plugin. -->","yoast_head_json":{"title":"Legal Notice - Blanc","robots":{"index":"index","follow":"follow","max-snippet":"max-snippet:-1","max-image-preview":"max-image-preview:large","max-video-preview":"max-video-preview:-1"},"canonical":"https:\/\/www.blancbaqueira.com\/en\/legal-notice\/","og_locale":"en_US","og_type":"article","og_title":"Legal Notice - Blanc","og_description":"Restaurant in Baqueira Eat, toast, and enjoy at our slope-side location Ver Carta Restaurante en Baqueira Eat, toast, and enjoy at our slope-side location Ver Carta Avis L\u00e9gal En conformit\u00e9 avec la Loi 34\/2002 du 11 juillet, sur les Services de la Soci\u00e9t\u00e9 de l&#8217;Information et le Commerce \u00c9lectronique, l&#8217;utilisateur est inform\u00e9 que le titulaire [&hellip;]","og_url":"https:\/\/www.blancbaqueira.com\/en\/legal-notice\/","og_site_name":"Blanc","article_modified_time":"2024-12-03T16:02:28+00:00","twitter_card":"summary_large_image","twitter_misc":{"Est. reading time":"6 minutes"},"schema":{"@context":"https:\/\/schema.org","@graph":[{"@type":"WebPage","@id":"https:\/\/www.blancbaqueira.com\/en\/legal-notice\/","url":"https:\/\/www.blancbaqueira.com\/en\/legal-notice\/","name":"Legal Notice - Blanc","isPartOf":{"@id":"https:\/\/www.blancbaqueira.com\/#website"},"datePublished":"2024-12-03T07:38:04+00:00","dateModified":"2024-12-03T16:02:28+00:00","breadcrumb":{"@id":"https:\/\/www.blancbaqueira.com\/en\/legal-notice\/#breadcrumb"},"inLanguage":"en-US","potentialAction":[{"@type":"ReadAction","target":["https:\/\/www.blancbaqueira.com\/en\/legal-notice\/"]}]},{"@type":"BreadcrumbList","@id":"https:\/\/www.blancbaqueira.com\/en\/legal-notice\/#breadcrumb","itemListElement":[{"@type":"ListItem","position":1,"name":"Portada","item":"https:\/\/www.blancbaqueira.com\/en\/home-1\/"},{"@type":"ListItem","position":2,"name":"Legal Notice"}]},{"@type":"WebSite","@id":"https:\/\/www.blancbaqueira.com\/#website","url":"https:\/\/www.blancbaqueira.com\/","name":"Blanc","description":"Restaurant in Baqueira","publisher":{"@id":"https:\/\/www.blancbaqueira.com\/#organization"},"potentialAction":[{"@type":"SearchAction","target":{"@type":"EntryPoint","urlTemplate":"https:\/\/www.blancbaqueira.com\/?s={search_term_string}"},"query-input":{"@type":"PropertyValueSpecification","valueRequired":true,"valueName":"search_term_string"}}],"inLanguage":"en-US"},{"@type":"Organization","@id":"https:\/\/www.blancbaqueira.com\/#organization","name":"Blanc","url":"https:\/\/www.blancbaqueira.com\/","logo":{"@type":"ImageObject","inLanguage":"en-US","@id":"https:\/\/www.blancbaqueira.com\/#\/schema\/logo\/image\/","url":"https:\/\/www.blancbaqueira.com\/wp-content\/uploads\/2024\/11\/home2.png","contentUrl":"https:\/\/www.blancbaqueira.com\/wp-content\/uploads\/2024\/11\/home2.png","width":627,"height":115,"caption":"Blanc"},"image":{"@id":"https:\/\/www.blancbaqueira.com\/#\/schema\/logo\/image\/"}}]}},"_links":{"self":[{"href":"https:\/\/www.blancbaqueira.com\/en\/wp-json\/wp\/v2\/pages\/6800","targetHints":{"allow":["GET"]}}],"collection":[{"href":"https:\/\/www.blancbaqueira.com\/en\/wp-json\/wp\/v2\/pages"}],"about":[{"href":"https:\/\/www.blancbaqueira.com\/en\/wp-json\/wp\/v2\/types\/page"}],"author":[{"embeddable":true,"href":"https:\/\/www.blancbaqueira.com\/en\/wp-json\/wp\/v2\/users\/1"}],"replies":[{"embeddable":true,"href":"https:\/\/www.blancbaqueira.com\/en\/wp-json\/wp\/v2\/comments?post=6800"}],"version-history":[{"count":4,"href":"https:\/\/www.blancbaqueira.com\/en\/wp-json\/wp\/v2\/pages\/6800\/revisions"}],"predecessor-version":[{"id":6913,"href":"https:\/\/www.blancbaqueira.com\/en\/wp-json\/wp\/v2\/pages\/6800\/revisions\/6913"}],"wp:attachment":[{"href":"https:\/\/www.blancbaqueira.com\/en\/wp-json\/wp\/v2\/media?parent=6800"}],"curies":[{"name":"wp","href":"https:\/\/api.w.org\/{rel}","templated":true}]}}